{"id":898,"date":"2024-04-28T16:48:32","date_gmt":"2024-04-28T14:48:32","guid":{"rendered":"https:\/\/m13solidaire.fr\/?page_id=898"},"modified":"2024-10-20T10:45:33","modified_gmt":"2024-10-20T08:45:33","slug":"devenir-benevole","status":"publish","type":"page","link":"https:\/\/m13solidaire.fr\/?page_id=898","title":{"rendered":"Devenir b\u00e9n\u00e9vole"},"content":{"rendered":"\n<div class=\"wp-block-stackable-columns stk-block-columns stk-block stk-913591c\" data-block-id=\"913591c\"><div class=\"stk-row stk-inner-blocks stk-block-content stk-content-align stk-913591c-column\">\n<div class=\"wp-block-stackable-column stk-block-column stk-column stk-block stk-031f27c\" data-v=\"4\" data-block-id=\"031f27c\"><div class=\"stk-column-wrapper stk-block-column__content stk-container stk-031f27c-container stk--no-background stk--no-padding\"><div class=\"stk-block-content stk-inner-blocks stk-031f27c-inner-blocks\">\n<figure class=\"wp-block-image size-large\"><img fetchpriority=\"high\" decoding=\"async\" width=\"1024\" height=\"576\" src=\"https:\/\/m13solidaire.fr\/wp-content\/uploads\/2024\/05\/Devenez-benevoles-copie-1240x0-c-default-1024x576.jpg\" alt=\"\" class=\"wp-image-943\" srcset=\"https:\/\/m13solidaire.fr\/wp-content\/uploads\/2024\/05\/Devenez-benevoles-copie-1240x0-c-default-1024x576.jpg 1024w, https:\/\/m13solidaire.fr\/wp-content\/uploads\/2024\/05\/Devenez-benevoles-copie-1240x0-c-default-300x169.jpg 300w, https:\/\/m13solidaire.fr\/wp-content\/uploads\/2024\/05\/Devenez-benevoles-copie-1240x0-c-default-768x432.jpg 768w, https:\/\/m13solidaire.fr\/wp-content\/uploads\/2024\/05\/Devenez-benevoles-copie-1240x0-c-default-600x338.jpg 600w, https:\/\/m13solidaire.fr\/wp-content\/uploads\/2024\/05\/Devenez-benevoles-copie-1240x0-c-default.jpg 1240w\" sizes=\"(max-width: 1024px) 100vw, 1024px\" \/><\/figure>\n<\/div><\/div><\/div>\n\n\n\n<div class=\"wp-block-stackable-column stk-block-column stk-column stk-block stk-48047a5\" data-v=\"4\" data-block-id=\"48047a5\"><div class=\"stk-column-wrapper stk-block-column__content stk-container stk-48047a5-container stk--no-background stk--no-padding\"><div class=\"stk-block-content stk-inner-blocks stk-48047a5-inner-blocks\">\n<h2 class=\"wp-block-heading\"><strong>Vous souhaitez donner de votre temps ? Vous aimeriez participer \u00e0 la vie associative du centre ?<\/strong><\/h2>\n\n\n\n<p>Le succ\u00e8s d\u2019un Centre Socioculturel tel que Maison 13 Solidaire d\u00e9pend de la<strong>\u00a0<\/strong>diversit\u00e9 des activit\u00e9s\u00a0qu\u2019il propose et aussi des apports des b\u00e9n\u00e9voles. Leur pr\u00e9sence,\u00a0 leur dynamisme et leur investissement contribuent fortement \u00e0 ce succ\u00e8s\u00a0!<\/p>\n\n\n\n<p>A Maison 13 Solidaire, y \u00eatre b\u00e9n\u00e9vole, c\u2019est valoriser et transmettre son savoir, son savoir-faire, son savoir-\u00eatre&nbsp;; mais aussi se sentir utile, y tisser des liens, s\u2019y sentir bien. Ce peut \u00eatre aussi participer en groupe \u00e0 la transformation d\u2019id\u00e9es en projets.&nbsp;<\/p>\n\n\n\n<p>Tout ceci en accord avec le Projet Social dont les r\u00e8gles et textes fixent un soutien implicite aux valeurs qui y sont cit\u00e9es.<\/p>\n\n\n\n<p>C\u2019est, en contrepartie, pouvoir solliciter l\u2019appui de la structure pour b\u00e9n\u00e9ficier de ses moyens, de ses relations, de ses r\u00e9seaux, afin d\u2019optimiser ou agr\u00e9menter son parcours professionnel ou personnel.<\/p>\n\n\n\n<p>Et, pourquoi pas, participer \u00e0 divers dispositifs, organismes ou fonctions au sein de Maison 13 Solidaire.<\/p>\n\n\n\n<p>Comme tout centre socioculturel, Maison 13 Solidaire a aussi vocation \u00e0 r\u00e9aliser des projets de coh\u00e9sion sociale, de relations trans g\u00e9n\u00e9rations, d\u2019acc\u00e8s \u00e0 la connaissance et \u00e0 la culture, et aussi d\u2019accompagnement des habitants dans leur projet.&nbsp;<\/p>\n\n\n\n<p><strong>Vous qui partagez ces valeurs, venez proposer votre coop\u00e9ration&nbsp;!&nbsp;<\/strong><\/p>\n\n\n\n<p>Des missions r\u00e9guli\u00e8res peuvent vous \u00eatre confi\u00e9es&nbsp;:<\/p>\n\n\n\n<ul class=\"wp-block-list\">\n<li>accompagner des enfants et des jeunes dans leur scolarit\u00e9<\/li>\n\n\n\n<li>animer un atelier artistique et manuel<\/li>\n\n\n\n<li>enseigner le fran\u00e7ais<\/li>\n\n\n\n<li>participer \u00e0 l\u2019accueil de loisir et jeunesse<\/li>\n\n\n\n<li>aider \u00e0 la communication du centre<\/li>\n\n\n\n<li>aider \u00e0 accomplir d\u00e9marches administratives<\/li>\n\n\n\n<li>entretenir un jardin collectif<\/li>\n<\/ul>\n\n\n\n<p>Ou bien \u00e9galement effectuer des missions ponctuelles&nbsp;:<\/p>\n\n\n\n<ul class=\"wp-block-list\">\n<li>aider \u00e0 l\u2019am\u00e9nagement du centre (petits travaux, jardinage)<\/li>\n\n\n\n<li>aider \u00e0 l\u2019installation ext\u00e9rieure lors de f\u00eates de quartiers et animations ext\u00e9rieures<\/li>\n\n\n\n<li>co-animer une action qui permet la rencontre entre habitant(e)s (sortie culturelle, soir\u00e9e-d\u00e9bat, cin\u00e9-club,\u2026)<\/li>\n<\/ul>\n\n\n\n<p>Vous pouvez nous contacter et nous faire part de vos envies, vos projets et vos disponibilit\u00e9s.<\/p>\n<\/div><\/div><\/div>\n<\/div><\/div>\n\n\n\n<p><\/p>\n","protected":false},"excerpt":{"rendered":"<p>Vous souhaitez donner de votre temps ? Vous aimeriez participer \u00e0 la vie associative du centre ? Le succ\u00e8s d\u2019un Centre Socioculturel tel que Maison 13 Solidaire d\u00e9pend de la\u00a0diversit\u00e9 des activit\u00e9s\u00a0qu\u2019il propose et aussi des apports des b\u00e9n\u00e9voles. Leur pr\u00e9sence,\u00a0 leur dynamisme et leur investissement contribuent fortement \u00e0 ce succ\u00e8s\u00a0! A Maison 13 Solidaire, [&hellip;]<\/p>\n","protected":false},"author":1,"featured_media":0,"parent":0,"menu_order":0,"comment_status":"closed","ping_status":"closed","template":"","meta":{"footnotes":""},"class_list":["post-898","page","type-page","status-publish","hentry"],"blocksy_meta":[],"_links":{"self":[{"href":"https:\/\/m13solidaire.fr\/index.php?rest_route=\/wp\/v2\/pages\/898","targetHints":{"allow":["GET"]}}],"collection":[{"href":"https:\/\/m13solidaire.fr\/index.php?rest_route=\/wp\/v2\/pages"}],"about":[{"href":"https:\/\/m13solidaire.fr\/index.php?rest_route=\/wp\/v2\/types\/page"}],"author":[{"embeddable":true,"href":"https:\/\/m13solidaire.fr\/index.php?rest_route=\/wp\/v2\/users\/1"}],"replies":[{"embeddable":true,"href":"https:\/\/m13solidaire.fr\/index.php?rest_route=%2Fwp%2Fv2%2Fcomments&post=898"}],"version-history":[{"count":9,"href":"https:\/\/m13solidaire.fr\/index.php?rest_route=\/wp\/v2\/pages\/898\/revisions"}],"predecessor-version":[{"id":1810,"href":"https:\/\/m13solidaire.fr\/index.php?rest_route=\/wp\/v2\/pages\/898\/revisions\/1810"}],"wp:attachment":[{"href":"https:\/\/m13solidaire.fr\/index.php?rest_route=%2Fwp%2Fv2%2Fmedia&parent=898"}],"curies":[{"name":"wp","href":"https:\/\/api.w.org\/{rel}","templated":true}]}}