{"id":895,"date":"2024-04-28T16:31:21","date_gmt":"2024-04-28T14:31:21","guid":{"rendered":"https:\/\/m13solidaire.fr\/?page_id=895"},"modified":"2024-10-20T10:39:21","modified_gmt":"2024-10-20T08:39:21","slug":"historique","status":"publish","type":"page","link":"https:\/\/m13solidaire.fr\/?page_id=895","title":{"rendered":"Historique"},"content":{"rendered":"\n<p>En 2004 d\u00e9butait la construction de l\u2019\u00e9co-quartier sur l\u2019ancienne gare de marchandises de la place de Rungis. Les habitants du quartier, soutenus par la Mairie du 13\u00e8 ont demand\u00e9 que soit construite une maison de quartier, lieu d\u2019accueil, d\u2019information, d\u2019\u00e9coute, d\u2019\u00e9change, espace pour se rencontrer et cr\u00e9er du lien gr\u00e2ce \u00e0 des \u00e9v\u00e8nements et activit\u00e9s ouverts \u00e0 tous. Le projet a re\u00e7u l\u2019agr\u00e9ment de la CAF, car l&#8217;emplacement du centre, sur la voie ferr\u00e9e en haut du jardin, facilitait le lien entre des habitants du quartier nord, Keufer, Kellermann, Amiral Mouchez et de ceux de Rungis impossible jusqu\u2019alors.<\/p>\n\n\n\n<figure class=\"wp-block-image\"><img decoding=\"async\" src=\"https:\/\/lh7-us.googleusercontent.com\/RQcuLM6ZPpRU4RnwVsh7DOH1Vr9p5oGr0uVVRVVtdpCzhtz82UsjGQzxI0xtAF_9_uimYUL2UE1zib3Ubjt8uBeheW85JimsW1fNit2vL3VwF5tAZAQr6lGdaVbZY06qrRVnI1zCcsxcRyBYZQegiA\" alt=\"\"\/><\/figure>\n\n\n\n<p>De 2009 \u00e0 2012 un collectif d\u2019habitants s\u2019est mobilis\u00e9 aupr\u00e8s des habitants pour mettre en forme l\u2019esquisse d\u2019un pr\u00e9-projet.&nbsp;<\/p>\n\n\n\n<p>En mars 2012, \u00e0 l\u2019\u00e9cole Kuss, a eu lieu l\u2019assembl\u00e9e constitutive avec appel \u00e0 candidatures aupr\u00e8s des habitants pour constituer le Conseil d\u2019administration qui allait g\u00e9rer le centre. Ce dernier s\u2019est choisi comme nom&nbsp;: \u00ab\u00a0Maison 13 Solidaire&nbsp;\u00bb&nbsp; et garda le m\u00eame pour le Centre \u00e0 g\u00e9rer.<\/p>\n\n\n\n<p>Le 14 juillet 2012, les statuts de Maison 13 Solidaire sont parus au journal officiel&nbsp;!<\/p>\n\n\n\n<p>En janvier 2015 le point final&nbsp;: l\u2019installation dans les locaux.<\/p>\n\n\n\n<figure class=\"wp-block-image size-large\"><img fetchpriority=\"high\" decoding=\"async\" width=\"1024\" height=\"768\" src=\"https:\/\/m13solidaire.fr\/wp-content\/uploads\/2024\/06\/Photo-exterieur-Centre-3-1024x768.jpg\" alt=\"\" class=\"wp-image-1371\" srcset=\"https:\/\/m13solidaire.fr\/wp-content\/uploads\/2024\/06\/Photo-exterieur-Centre-3-1024x768.jpg 1024w, https:\/\/m13solidaire.fr\/wp-content\/uploads\/2024\/06\/Photo-exterieur-Centre-3-300x225.jpg 300w, https:\/\/m13solidaire.fr\/wp-content\/uploads\/2024\/06\/Photo-exterieur-Centre-3-768x576.jpg 768w, https:\/\/m13solidaire.fr\/wp-content\/uploads\/2024\/06\/Photo-exterieur-Centre-3-1536x1152.jpg 1536w, https:\/\/m13solidaire.fr\/wp-content\/uploads\/2024\/06\/Photo-exterieur-Centre-3-2048x1536.jpg 2048w, https:\/\/m13solidaire.fr\/wp-content\/uploads\/2024\/06\/Photo-exterieur-Centre-3-600x450.jpg 600w\" sizes=\"(max-width: 1024px) 100vw, 1024px\" \/><\/figure>\n","protected":false},"excerpt":{"rendered":"<p>En 2004 d\u00e9butait la construction de l\u2019\u00e9co-quartier sur l\u2019ancienne gare de marchandises de la place de Rungis. Les habitants du quartier, soutenus par la Mairie du 13\u00e8 ont demand\u00e9 que soit construite une maison de quartier, lieu d\u2019accueil, d\u2019information, d\u2019\u00e9coute, d\u2019\u00e9change, espace pour se rencontrer et cr\u00e9er du lien gr\u00e2ce \u00e0 des \u00e9v\u00e8nements et activit\u00e9s [&hellip;]<\/p>\n","protected":false},"author":1,"featured_media":0,"parent":0,"menu_order":0,"comment_status":"closed","ping_status":"closed","template":"","meta":{"footnotes":""},"class_list":["post-895","page","type-page","status-publish","hentry"],"blocksy_meta":[],"_links":{"self":[{"href":"https:\/\/m13solidaire.fr\/index.php?rest_route=\/wp\/v2\/pages\/895","targetHints":{"allow":["GET"]}}],"collection":[{"href":"https:\/\/m13solidaire.fr\/index.php?rest_route=\/wp\/v2\/pages"}],"about":[{"href":"https:\/\/m13solidaire.fr\/index.php?rest_route=\/wp\/v2\/types\/page"}],"author":[{"embeddable":true,"href":"https:\/\/m13solidaire.fr\/index.php?rest_route=\/wp\/v2\/users\/1"}],"replies":[{"embeddable":true,"href":"https:\/\/m13solidaire.fr\/index.php?rest_route=%2Fwp%2Fv2%2Fcomments&post=895"}],"version-history":[{"count":5,"href":"https:\/\/m13solidaire.fr\/index.php?rest_route=\/wp\/v2\/pages\/895\/revisions"}],"predecessor-version":[{"id":1806,"href":"https:\/\/m13solidaire.fr\/index.php?rest_route=\/wp\/v2\/pages\/895\/revisions\/1806"}],"wp:attachment":[{"href":"https:\/\/m13solidaire.fr\/index.php?rest_route=%2Fwp%2Fv2%2Fmedia&parent=895"}],"curies":[{"name":"wp","href":"https:\/\/api.w.org\/{rel}","templated":true}]}}