{"id":888,"date":"2024-04-28T15:44:17","date_gmt":"2024-04-28T13:44:17","guid":{"rendered":"https:\/\/m13solidaire.fr\/?page_id=888"},"modified":"2024-10-20T10:41:16","modified_gmt":"2024-10-20T08:41:16","slug":"maison-13-solidaire-en-quelques-chiffres","status":"publish","type":"page","link":"https:\/\/m13solidaire.fr\/?page_id=888","title":{"rendered":"Quelques chiffres (\u00e0 fin 2023)"},"content":{"rendered":"\n<div class=\"wp-block-stackable-columns stk-block-columns stk-block stk-332a527\" data-block-id=\"332a527\"><div class=\"stk-row stk-inner-blocks stk-block-content stk-content-align stk-332a527-column\">\n<div class=\"wp-block-stackable-column stk-block-column stk-column stk-block stk-829c9b8\" data-v=\"4\" data-block-id=\"829c9b8\"><div class=\"stk-column-wrapper stk-block-column__content stk-container stk-829c9b8-container stk--no-background stk--no-padding\"><div class=\"stk-block-content stk-inner-blocks stk-829c9b8-inner-blocks\"><div class='ays-chart-container-google ays-chart-container-2' id='ays-chart-container69ddd0d6ad7a4' data-id='69ddd0d6ad7a4'><div class='ays-chart-header-container'><div class='ays-chart-charts-title ays-chart-charts-title69ddd0d6ad7a4'>Organisation<\/div><div class='ays-chart-charts-description ays-chart-charts-description69ddd0d6ad7a4'><\/div><\/div><div class='ays-chart-charts-main-container ays-chart-charts-main-container69ddd0d6ad7a4' id=ays-chart-pie_chart69ddd0d6ad7a4 data-type='pie_chart'><\/div><div class='ays-chart-actions-container'><div class='ays-chart-export-buttons' data-id='2'><\/div><\/div><\/div><\/div><\/div><\/div>\n<\/div><\/div>\n\n\n\n<p>463 adh\u00e9rents <\/p>\n\n\n\n<p>48 b\u00e9n\u00e9voles <\/p>\n\n\n\n<p>12 administrateurs<\/p>\n\n\n\n<p><a href=\"https:\/\/m13solidaire.fr\/wp-admin\/post.php?post=1635&amp;action=edit\">6 salari\u00e9s&nbsp;&nbsp;<\/a><\/p>\n","protected":false},"excerpt":{"rendered":"<p>463 adh\u00e9rents 48 b\u00e9n\u00e9voles 12 administrateurs 6 salari\u00e9s&nbsp;&nbsp;<\/p>\n","protected":false},"author":1,"featured_media":0,"parent":0,"menu_order":0,"comment_status":"closed","ping_status":"closed","template":"","meta":{"footnotes":""},"class_list":["post-888","page","type-page","status-publish","hentry"],"blocksy_meta":[],"_links":{"self":[{"href":"https:\/\/m13solidaire.fr\/index.php?rest_route=\/wp\/v2\/pages\/888","targetHints":{"allow":["GET"]}}],"collection":[{"href":"https:\/\/m13solidaire.fr\/index.php?rest_route=\/wp\/v2\/pages"}],"about":[{"href":"https:\/\/m13solidaire.fr\/index.php?rest_route=\/wp\/v2\/types\/page"}],"author":[{"embeddable":true,"href":"https:\/\/m13solidaire.fr\/index.php?rest_route=\/wp\/v2\/users\/1"}],"replies":[{"embeddable":true,"href":"https:\/\/m13solidaire.fr\/index.php?rest_route=%2Fwp%2Fv2%2Fcomments&post=888"}],"version-history":[{"count":9,"href":"https:\/\/m13solidaire.fr\/index.php?rest_route=\/wp\/v2\/pages\/888\/revisions"}],"predecessor-version":[{"id":1808,"href":"https:\/\/m13solidaire.fr\/index.php?rest_route=\/wp\/v2\/pages\/888\/revisions\/1808"}],"wp:attachment":[{"href":"https:\/\/m13solidaire.fr\/index.php?rest_route=%2Fwp%2Fv2%2Fmedia&parent=888"}],"curies":[{"name":"wp","href":"https:\/\/api.w.org\/{rel}","templated":true}]}}