{"id":885,"date":"2024-04-28T15:40:24","date_gmt":"2024-04-28T13:40:24","guid":{"rendered":"https:\/\/m13solidaire.fr\/?page_id=885"},"modified":"2024-09-05T15:16:32","modified_gmt":"2024-09-05T13:16:32","slug":"notre-projet-social","status":"publish","type":"page","link":"https:\/\/m13solidaire.fr\/?page_id=885","title":{"rendered":"Notre projet social"},"content":{"rendered":"\n<p>Maison 13 Solidaire est agr\u00e9\u00e9 par la Caisse d\u2019allocations familiales sur la base d\u2019un projet social renouvel\u00e9 tous les 4 ans. Le dernier renouvellement a eu lieu l\u2019ann\u00e9e 2018. La d\u00e9marche s\u2019est faite avec les administrateurs, habitants, b\u00e9n\u00e9voles, salari\u00e9s, partenaires. Elle a d\u00e9bouch\u00e9 sur 4 axes&nbsp;pour le projet de 2019\/2022<\/p>\n\n\n\n<div class=\"wp-block-stackable-columns stk-block-columns stk-block stk-dad5b29\" data-block-id=\"dad5b29\"><div class=\"stk-row stk-inner-blocks stk-block-content stk-content-align stk-dad5b29-column\">\n<div class=\"wp-block-stackable-column stk-block-column stk-column stk-block stk-d02362d\" data-v=\"4\" data-block-id=\"d02362d\"><style>@media screen and (min-width:690px){.stk-d02362d{flex:var(--stk-flex-grow,1) 1 33.3% !important}}<\/style><div class=\"stk-column-wrapper stk-block-column__content stk-container stk-d02362d-container stk--no-background stk--no-padding\"><div class=\"stk-block-content stk-inner-blocks stk-d02362d-inner-blocks\">\n<figure class=\"wp-block-image size-full\"><img fetchpriority=\"high\" decoding=\"async\" width=\"845\" height=\"901\" src=\"https:\/\/m13solidaire.fr\/wp-content\/uploads\/2024\/07\/M13SOrange.png\" alt=\"\" class=\"wp-image-1563\" srcset=\"https:\/\/m13solidaire.fr\/wp-content\/uploads\/2024\/07\/M13SOrange.png 845w, https:\/\/m13solidaire.fr\/wp-content\/uploads\/2024\/07\/M13SOrange-281x300.png 281w, https:\/\/m13solidaire.fr\/wp-content\/uploads\/2024\/07\/M13SOrange-768x819.png 768w, https:\/\/m13solidaire.fr\/wp-content\/uploads\/2024\/07\/M13SOrange-300x320.png 300w, https:\/\/m13solidaire.fr\/wp-content\/uploads\/2024\/07\/M13SOrange-600x640.png 600w\" sizes=\"(max-width: 845px) 100vw, 845px\" \/><\/figure>\n<\/div><\/div><\/div>\n\n\n\n<div class=\"wp-block-stackable-column stk-block-column stk-column stk-block stk-58abb28\" data-v=\"4\" data-block-id=\"58abb28\"><style>@media screen and (min-width:690px){.stk-58abb28{flex:var(--stk-flex-grow,1) 1 66.7% !important}}<\/style><div class=\"stk-column-wrapper stk-block-column__content stk-container stk-58abb28-container stk--no-background stk--no-padding\"><div class=\"stk-block-content stk-inner-blocks stk-58abb28-inner-blocks\">\n<div class=\"wp-block-stackable-icon-box stk-block-icon-box stk-block stk-cc01fa1\" data-v=\"2\" data-block-id=\"cc01fa1\"><div class=\"stk-block-content stk-inner-blocks stk-block-icon-box__content stk-container stk-cc01fa1-container stk--no-background stk--no-padding\">\n<div class=\"wp-block-stackable-icon-label stk-block-icon-label stk-block stk-a30fa7e\" data-block-id=\"a30fa7e\"><style>.stk-a30fa7e{margin-bottom:0px !important}<\/style><div class=\"stk-row stk-inner-blocks stk-block-content\">\n<div class=\"wp-block-stackable-icon stk-block-icon has-text-align-left stk-block stk-e799cca\" data-block-id=\"e799cca\"><style>.stk-e799cca .stk--svg-wrapper .stk--inner-svg svg:last-child,.stk-e799cca .stk--svg-wrapper .stk--inner-svg svg:last-child :is(g,path,rect,polygon,ellipse){fill:var(--theme-palette-color-2,#fcb424) !important}<\/style><span class=\"stk--svg-wrapper\"><div class=\"stk--inner-svg\"><svg style=\"height:0;width:0\"><defs><linearGradient id=\"linear-gradient-e799cca\" x1=\"0\" x2=\"100%\" y1=\"0\" y2=\"0\"><stop offset=\"0%\" style=\"stop-opacity:1;stop-color:var(--linear-gradient-e-799-cca-color-1)\"><\/stop><stop offset=\"100%\" style=\"stop-opacity:1;stop-color:var(--linear-gradient-e-799-cca-color-2)\"><\/stop><\/linearGradient><\/defs><\/svg><svg xmlns=\"http:\/\/www.w3.org\/2000\/svg\" viewBox=\"0 0 512 512\" aria-hidden=\"true\" width=\"32\" height=\"32\"><path d=\"M256 48a208 208 0 1 1 0 416 208 208 0 1 1 0-416zm0 464A256 256 0 1 0 256 0a256 256 0 1 0 0 512zM369 209c9.4-9.4 9.4-24.6 0-33.9s-24.6-9.4-33.9 0l-111 111-47-47c-9.4-9.4-24.6-9.4-33.9 0s-9.4 24.6 0 33.9l64 64c9.4 9.4 24.6 9.4 33.9 0L369 209z\"><\/path><\/svg><\/div><\/span><\/div>\n\n\n\n<div class=\"wp-block-stackable-heading stk-block-heading stk-block-heading--v2 stk-block stk-f5a4cc6\" id=\"strong-capacite-dagir-strong\" data-block-id=\"f5a4cc6\"><h4 class=\"stk-block-heading__text\"><strong>Capacit\u00e9 d\u2019agir<\/strong><\/h4><\/div>\n<\/div><\/div>\n\n\n\n<ul class=\"wp-block-list\">\n<li>renforcer la dynamique participative du centre<\/li>\n\n\n\n<li>accompagner les habitants sur des actions am\u00e9liorant leur cadre de vie<\/li>\n<\/ul>\n<\/div><\/div>\n\n\n\n<div class=\"wp-block-stackable-icon-box stk-block-icon-box stk-block stk-1ec00f5\" data-v=\"2\" data-block-id=\"1ec00f5\"><div class=\"stk-block-content stk-inner-blocks stk-block-icon-box__content stk-container stk-1ec00f5-container stk--no-background stk--no-padding\">\n<div class=\"wp-block-stackable-icon-label stk-block-icon-label stk-block stk-6dedba2\" data-block-id=\"6dedba2\"><style>.stk-6dedba2{margin-bottom:0px !important}<\/style><div class=\"stk-row stk-inner-blocks stk-block-content\">\n<div class=\"wp-block-stackable-icon stk-block-icon has-text-align-left stk-block stk-7d1b240\" data-block-id=\"7d1b240\"><style>.stk-7d1b240 .stk--svg-wrapper .stk--inner-svg svg:last-child,.stk-7d1b240 .stk--svg-wrapper .stk--inner-svg svg:last-child :is(g,path,rect,polygon,ellipse){fill:var(--theme-palette-color-2,#fcb424) !important}<\/style><span class=\"stk--svg-wrapper\"><div class=\"stk--inner-svg\"><svg style=\"height:0;width:0\"><defs><linearGradient id=\"linear-gradient-7d1b240\" x1=\"0\" x2=\"100%\" y1=\"0\" y2=\"0\"><stop offset=\"0%\" style=\"stop-opacity:1;stop-color:var(--linear-gradient-7-d-1-b-240-color-1)\"><\/stop><stop offset=\"100%\" style=\"stop-opacity:1;stop-color:var(--linear-gradient-7-d-1-b-240-color-2)\"><\/stop><\/linearGradient><\/defs><\/svg><svg xmlns=\"http:\/\/www.w3.org\/2000\/svg\" viewBox=\"0 0 512 512\" aria-hidden=\"true\" width=\"32\" height=\"32\"><path d=\"M256 48a208 208 0 1 1 0 416 208 208 0 1 1 0-416zm0 464A256 256 0 1 0 256 0a256 256 0 1 0 0 512zM369 209c9.4-9.4 9.4-24.6 0-33.9s-24.6-9.4-33.9 0l-111 111-47-47c-9.4-9.4-24.6-9.4-33.9 0s-9.4 24.6 0 33.9l64 64c9.4 9.4 24.6 9.4 33.9 0L369 209z\"><\/path><\/svg><\/div><\/span><\/div>\n\n\n\n<div class=\"wp-block-stackable-heading stk-block-heading stk-block-heading--v2 stk-block stk-8d26284\" id=\"strong-lien-social-et-convivialite-strong\" data-block-id=\"8d26284\"><h4 class=\"stk-block-heading__text\"><strong>Lien social et convivialit\u00e9<\/strong><\/h4><\/div>\n<\/div><\/div>\n\n\n\n<ul class=\"wp-block-list\">\n<li>lutter contre l\u2019isolement en cr\u00e9ant du lien social&nbsp;: ateliers, f\u00eates, animations interg\u00e9n\u00e9rationnelles<\/li>\n\n\n\n<li>donner vie au quartier par des animations dans les espaces publics&nbsp;: dans les jardins, en bas d\u2019immeubles<\/li>\n<\/ul>\n<\/div><\/div>\n\n\n\n<div class=\"wp-block-stackable-icon-box stk-block-icon-box stk-block stk-35acb8e\" data-v=\"2\" data-block-id=\"35acb8e\"><div class=\"stk-block-content stk-inner-blocks stk-block-icon-box__content stk-container stk-35acb8e-container stk--no-background stk--no-padding\">\n<div class=\"wp-block-stackable-icon-label stk-block-icon-label stk-block stk-d345a2c\" data-block-id=\"d345a2c\"><style>.stk-d345a2c{margin-bottom:0px !important}<\/style><div class=\"stk-row stk-inner-blocks stk-block-content\">\n<div class=\"wp-block-stackable-icon stk-block-icon has-text-align-left stk-block stk-e3f51c2\" data-block-id=\"e3f51c2\"><style>.stk-e3f51c2 .stk--svg-wrapper .stk--inner-svg svg:last-child,.stk-e3f51c2 .stk--svg-wrapper .stk--inner-svg svg:last-child :is(g,path,rect,polygon,ellipse){fill:var(--theme-palette-color-2,#fcb424) !important}<\/style><span class=\"stk--svg-wrapper\"><div class=\"stk--inner-svg\"><svg style=\"height:0;width:0\"><defs><linearGradient id=\"linear-gradient-e3f51c2\" x1=\"0\" x2=\"100%\" y1=\"0\" y2=\"0\"><stop offset=\"0%\" style=\"stop-opacity:1;stop-color:var(--linear-gradient-e-3-f-51-c-2-color-1)\"><\/stop><stop offset=\"100%\" style=\"stop-opacity:1;stop-color:var(--linear-gradient-e-3-f-51-c-2-color-2)\"><\/stop><\/linearGradient><\/defs><\/svg><svg xmlns=\"http:\/\/www.w3.org\/2000\/svg\" viewBox=\"0 0 512 512\" aria-hidden=\"true\" width=\"32\" height=\"32\"><path d=\"M256 48a208 208 0 1 1 0 416 208 208 0 1 1 0-416zm0 464A256 256 0 1 0 256 0a256 256 0 1 0 0 512zM369 209c9.4-9.4 9.4-24.6 0-33.9s-24.6-9.4-33.9 0l-111 111-47-47c-9.4-9.4-24.6-9.4-33.9 0s-9.4 24.6 0 33.9l64 64c9.4 9.4 24.6 9.4 33.9 0L369 209z\"><\/path><\/svg><\/div><\/span><\/div>\n\n\n\n<div class=\"wp-block-stackable-heading stk-block-heading stk-block-heading--v2 stk-block stk-5a93159\" id=\"strong-action-educative-et-culturelle-strong\" data-block-id=\"5a93159\"><h4 class=\"stk-block-heading__text\"><strong>Action \u00e9ducative et culturelle<\/strong><\/h4><\/div>\n<\/div><\/div>\n\n\n\n<ul class=\"wp-block-list\">\n<li>renforcer les relations familiales et valoriser les parents dans leur r\u00f4le \u00e9ducatif et culturel&nbsp;: s\u00e9jours en famille, rencontres et d\u00e9bats th\u00e9matiques&nbsp;<\/li>\n\n\n\n<li>contribuer \u00e0 l\u2019\u00e9panouissement des enfants et des jeunes&nbsp;: acc\u00e8s \u00e0 la culture et aux loisirs, projets des jeunes<\/li>\n<\/ul>\n<\/div><\/div>\n\n\n\n<div class=\"wp-block-stackable-icon-box stk-block-icon-box stk-block stk-8ec0ded\" data-v=\"2\" data-block-id=\"8ec0ded\"><div class=\"stk-block-content stk-inner-blocks stk-block-icon-box__content stk-container stk-8ec0ded-container stk--no-background stk--no-padding\">\n<div class=\"wp-block-stackable-icon-label stk-block-icon-label stk-block stk-acd8581\" data-block-id=\"acd8581\"><style>.stk-acd8581{margin-bottom:0px !important}<\/style><div class=\"stk-row stk-inner-blocks stk-block-content\">\n<div class=\"wp-block-stackable-icon stk-block-icon has-text-align-left stk-block stk-37fe1ee\" data-block-id=\"37fe1ee\"><style>.stk-37fe1ee .stk--svg-wrapper .stk--inner-svg svg:last-child,.stk-37fe1ee .stk--svg-wrapper .stk--inner-svg svg:last-child :is(g,path,rect,polygon,ellipse){fill:var(--theme-palette-color-2,#fcb424) !important}<\/style><span class=\"stk--svg-wrapper\"><div class=\"stk--inner-svg\"><svg style=\"height:0;width:0\"><defs><linearGradient id=\"linear-gradient-37fe1ee\" x1=\"0\" x2=\"100%\" y1=\"0\" y2=\"0\"><stop offset=\"0%\" style=\"stop-opacity:1;stop-color:var(--linear-gradient-37-fe-1-ee-color-1)\"><\/stop><stop offset=\"100%\" style=\"stop-opacity:1;stop-color:var(--linear-gradient-37-fe-1-ee-color-2)\"><\/stop><\/linearGradient><\/defs><\/svg><svg xmlns=\"http:\/\/www.w3.org\/2000\/svg\" viewBox=\"0 0 512 512\" aria-hidden=\"true\" width=\"32\" height=\"32\"><path d=\"M256 48a208 208 0 1 1 0 416 208 208 0 1 1 0-416zm0 464A256 256 0 1 0 256 0a256 256 0 1 0 0 512zM369 209c9.4-9.4 9.4-24.6 0-33.9s-24.6-9.4-33.9 0l-111 111-47-47c-9.4-9.4-24.6-9.4-33.9 0s-9.4 24.6 0 33.9l64 64c9.4 9.4 24.6 9.4 33.9 0L369 209z\"><\/path><\/svg><\/div><\/span><\/div>\n\n\n\n<div class=\"wp-block-stackable-heading stk-block-heading stk-block-heading--v2 stk-block stk-d57d93d\" id=\"strong-accompagnement-personnalise-strong\" data-block-id=\"d57d93d\"><h4 class=\"stk-block-heading__text\"><strong>Accompagnement personnalis\u00e9\u00a0<\/strong><\/h4><\/div>\n<\/div><\/div>\n\n\n\n<ul class=\"wp-block-list\">\n<li>faciliter l\u2019acc\u00e8s au num\u00e9rique<\/li>\n\n\n\n<li>faciliter l\u2019acc\u00e8s aux droits, soutenir l\u2019insertion sociale et professionnelle,<\/li>\n<\/ul>\n<\/div><\/div>\n<\/div><\/div><\/div>\n<\/div><\/div>\n","protected":false},"excerpt":{"rendered":"<p>Maison 13 Solidaire est agr\u00e9\u00e9 par la Caisse d\u2019allocations familiales sur la base d\u2019un projet social renouvel\u00e9 tous les 4 ans. Le dernier renouvellement a eu lieu l\u2019ann\u00e9e 2018. La d\u00e9marche s\u2019est faite avec les administrateurs, habitants, b\u00e9n\u00e9voles, salari\u00e9s, partenaires. Elle a d\u00e9bouch\u00e9 sur 4 axes&nbsp;pour le projet de 2019\/2022 Capacit\u00e9 d\u2019agir Lien social et [&hellip;]<\/p>\n","protected":false},"author":1,"featured_media":0,"parent":0,"menu_order":0,"comment_status":"closed","ping_status":"closed","template":"","meta":{"footnotes":""},"class_list":["post-885","page","type-page","status-publish","hentry"],"blocksy_meta":[],"_links":{"self":[{"href":"https:\/\/m13solidaire.fr\/index.php?rest_route=\/wp\/v2\/pages\/885","targetHints":{"allow":["GET"]}}],"collection":[{"href":"https:\/\/m13solidaire.fr\/index.php?rest_route=\/wp\/v2\/pages"}],"about":[{"href":"https:\/\/m13solidaire.fr\/index.php?rest_route=\/wp\/v2\/types\/page"}],"author":[{"embeddable":true,"href":"https:\/\/m13solidaire.fr\/index.php?rest_route=\/wp\/v2\/users\/1"}],"replies":[{"embeddable":true,"href":"https:\/\/m13solidaire.fr\/index.php?rest_route=%2Fwp%2Fv2%2Fcomments&post=885"}],"version-history":[{"count":5,"href":"https:\/\/m13solidaire.fr\/index.php?rest_route=\/wp\/v2\/pages\/885\/revisions"}],"predecessor-version":[{"id":1607,"href":"https:\/\/m13solidaire.fr\/index.php?rest_route=\/wp\/v2\/pages\/885\/revisions\/1607"}],"wp:attachment":[{"href":"https:\/\/m13solidaire.fr\/index.php?rest_route=%2Fwp%2Fv2%2Fmedia&parent=885"}],"curies":[{"name":"wp","href":"https:\/\/api.w.org\/{rel}","templated":true}]}}