{"id":810,"date":"2024-04-21T12:57:21","date_gmt":"2024-04-21T10:57:21","guid":{"rendered":"https:\/\/m13solidaire.fr\/?page_id=810"},"modified":"2024-10-20T10:37:44","modified_gmt":"2024-10-20T08:37:44","slug":"notre-centre","status":"publish","type":"page","link":"https:\/\/m13solidaire.fr\/?page_id=810","title":{"rendered":"Qu\u2019est-ce qu\u2019un centre socioculturel\u00a0?"},"content":{"rendered":"\n<div class=\"wp-block-columns is-layout-flex wp-container-core-columns-is-layout-28f84493 wp-block-columns-is-layout-flex\">\n<div class=\"wp-block-column is-layout-flow wp-block-column-is-layout-flow\" style=\"flex-basis:33.33%\">\n<figure class=\"wp-block-image size-large is-resized\"><img fetchpriority=\"high\" decoding=\"async\" width=\"768\" height=\"1024\" src=\"https:\/\/m13solidaire.fr\/wp-content\/uploads\/2024\/06\/entree-M13S-768x1024.jpg\" alt=\"\" class=\"wp-image-1369\" style=\"width:416px;height:auto\" srcset=\"https:\/\/m13solidaire.fr\/wp-content\/uploads\/2024\/06\/entree-M13S-768x1024.jpg 768w, https:\/\/m13solidaire.fr\/wp-content\/uploads\/2024\/06\/entree-M13S-225x300.jpg 225w, https:\/\/m13solidaire.fr\/wp-content\/uploads\/2024\/06\/entree-M13S-1152x1536.jpg 1152w, https:\/\/m13solidaire.fr\/wp-content\/uploads\/2024\/06\/entree-M13S-1536x2048.jpg 1536w, https:\/\/m13solidaire.fr\/wp-content\/uploads\/2024\/06\/entree-M13S-300x400.jpg 300w, https:\/\/m13solidaire.fr\/wp-content\/uploads\/2024\/06\/entree-M13S-600x800.jpg 600w, https:\/\/m13solidaire.fr\/wp-content\/uploads\/2024\/06\/entree-M13S.jpg 1920w\" sizes=\"(max-width: 768px) 100vw, 768px\" \/><\/figure>\n<\/div>\n\n\n\n<div class=\"wp-block-column is-layout-flow wp-block-column-is-layout-flow\" style=\"flex-basis:66.66%\">\n<p><strong>Un centre socioculturel <\/strong>est un <strong>foyer d\u2019initiatives<\/strong> port\u00e9 par des habitants associ\u00e9s, appuy\u00e9 par des professionnels, capables de d\u00e9finir et de mettre en \u0153uvre un projet de d\u00e9veloppement social.&nbsp;&nbsp;<\/p>\n\n\n\n<p>Les premiers centres sociaux<em>,<\/em>&nbsp;apparaissent \u00e0 la fin du 19\u00e8me si\u00e8cle dans la banlieue londonienne \u00e0 l\u2019initiative de pasteurs anglicans. Anim\u00e9s par la volont\u00e9 de contribuer concr\u00e8tement \u00e0 l\u2019am\u00e9lioration de la condition ouvri\u00e8re, ils cr\u00e9ent des lieux de vie o\u00f9 les ouvriers peuvent acc\u00e9der \u00e0 la culture et \u00e0 l\u2019\u00e9ducation, se rencontrer, \u00e9changer et s\u2019organiser pour prendre leur vie en main.<\/p>\n\n\n\n<p>Une dizaine d\u2019ann\u00e9es plus tard, des initiatives similaires se d\u00e9veloppent \u00e9galement en France et en 1922 une vingtaine d\u2019\u00e9tablissements se regroupent dans la F\u00e9d\u00e9ration des Centres Sociaux de France. Leurs objectifs : endiguer la mis\u00e8re, lutter contre les fl\u00e9aux du ch\u00f4mage et de l\u2019insalubrit\u00e9, cr\u00e9er des lieux d\u2019accueil, de vie, d\u2019\u00e9changes, de loisirs et d\u2019\u00e9ducation. Dans les ann\u00e9es 60, avec l\u2019explosion du d\u00e9veloppement urbain et la mutation du monde rural, les centres sociaux connaissent un v\u00e9ritable essor.<\/p>\n\n\n\n<p>Agir dans des actions collectives, m\u00eame modestes, c\u2019est l\u2019engagement civique du citoyen.<\/p>\n<\/div>\n<\/div>\n\n\n\n<p><\/p>\n","protected":false},"excerpt":{"rendered":"<p>Un centre socioculturel est un foyer d\u2019initiatives port\u00e9 par des habitants associ\u00e9s, appuy\u00e9 par des professionnels, capables de d\u00e9finir et de mettre en \u0153uvre un projet de d\u00e9veloppement social.&nbsp;&nbsp; Les premiers centres sociaux,&nbsp;apparaissent \u00e0 la fin du 19\u00e8me si\u00e8cle dans la banlieue londonienne \u00e0 l\u2019initiative de pasteurs anglicans. Anim\u00e9s par la volont\u00e9 de contribuer concr\u00e8tement [&hellip;]<\/p>\n","protected":false},"author":1,"featured_media":0,"parent":0,"menu_order":0,"comment_status":"closed","ping_status":"closed","template":"","meta":{"footnotes":""},"class_list":["post-810","page","type-page","status-publish","hentry"],"blocksy_meta":[],"_links":{"self":[{"href":"https:\/\/m13solidaire.fr\/index.php?rest_route=\/wp\/v2\/pages\/810","targetHints":{"allow":["GET"]}}],"collection":[{"href":"https:\/\/m13solidaire.fr\/index.php?rest_route=\/wp\/v2\/pages"}],"about":[{"href":"https:\/\/m13solidaire.fr\/index.php?rest_route=\/wp\/v2\/types\/page"}],"author":[{"embeddable":true,"href":"https:\/\/m13solidaire.fr\/index.php?rest_route=\/wp\/v2\/users\/1"}],"replies":[{"embeddable":true,"href":"https:\/\/m13solidaire.fr\/index.php?rest_route=%2Fwp%2Fv2%2Fcomments&post=810"}],"version-history":[{"count":5,"href":"https:\/\/m13solidaire.fr\/index.php?rest_route=\/wp\/v2\/pages\/810\/revisions"}],"predecessor-version":[{"id":1804,"href":"https:\/\/m13solidaire.fr\/index.php?rest_route=\/wp\/v2\/pages\/810\/revisions\/1804"}],"wp:attachment":[{"href":"https:\/\/m13solidaire.fr\/index.php?rest_route=%2Fwp%2Fv2%2Fmedia&parent=810"}],"curies":[{"name":"wp","href":"https:\/\/api.w.org\/{rel}","templated":true}]}}