{"id":2291,"date":"2025-09-03T11:42:40","date_gmt":"2025-09-03T09:42:40","guid":{"rendered":"https:\/\/m13solidaire.fr\/?page_id=2291"},"modified":"2025-09-03T11:43:05","modified_gmt":"2025-09-03T09:43:05","slug":"2291-2","status":"publish","type":"page","link":"https:\/\/m13solidaire.fr\/?page_id=2291","title":{"rendered":"Les ateliers enfance et jeunesse"},"content":{"rendered":"\n<h2 class=\"wp-block-heading\"><\/h2>\n\n\n\n<p>Durant l&rsquo;ann\u00e9e, vos enfants et adolescents pourront b\u00e9n\u00e9ficier d&rsquo;ateliers qui dureront sur plusieurs s\u00e9ances. \u00c7a peut \u00eatre sur toute l&rsquo;ann\u00e9e, sur un trimestre ou un semestre.<\/p>\n\n\n\n<details class=\"wp-block-stackable-accordion stk-block-accordion stk-inner-blocks stk-block-content stk-block stk-1a3a219 is-style-default\" data-block-id=\"1a3a219\"><style>.stk-1a3a219 {margin-bottom:0px !important;}<\/style>\n<summary class=\"wp-block-stackable-column stk-block-column stk-column stk-block stk-99554ac stk--container-small stk-block-accordion__heading\" data-v=\"4\" data-block-id=\"99554ac\"><div class=\"stk-column-wrapper stk-block-column__content stk-container stk-99554ac-container stk-hover-parent\"><div class=\"stk-block-content stk-inner-blocks stk-99554ac-inner-blocks\">\n<div class=\"wp-block-stackable-icon-label stk-block-icon-label stk-block stk-2d81c2e\" data-block-id=\"2d81c2e\"><div class=\"stk-row stk-inner-blocks stk-block-content\">\n<div class=\"wp-block-stackable-heading stk-block-heading stk-block-heading--v2 stk-block stk-8be5eac\" id=\"les-ateliers-creatifs\" data-block-id=\"8be5eac\"><h4 class=\"stk-block-heading__text\">Les ateliers cr\u00e9atifs<\/h4><\/div>\n\n\n\n<div class=\"wp-block-stackable-icon stk-block-icon stk-block stk-7dca85f\" data-block-id=\"7dca85f\"><span class=\"stk--svg-wrapper\"><div class=\"stk--inner-svg\"><svg style=\"height:0;width:0\"><defs><linearGradient id=\"linear-gradient-7dca85f\" x1=\"0\" x2=\"100%\" y1=\"0\" y2=\"0\"><stop offset=\"0%\" style=\"stop-opacity:1;stop-color:var(--linear-gradient-7-dca-85-f-color-1)\"><\/stop><stop offset=\"100%\" style=\"stop-opacity:1;stop-color:var(--linear-gradient-7-dca-85-f-color-2)\"><\/stop><\/linearGradient><\/defs><\/svg><svg data-prefix=\"fas\" data-icon=\"chevron-down\" class=\"svg-inline--fa fa-chevron-down fa-w-14\" xmlns=\"http:\/\/www.w3.org\/2000\/svg\" viewBox=\"0 0 448 512\" aria-hidden=\"true\" width=\"32\" height=\"32\"><path fill=\"currentColor\" d=\"M207.029 381.476L12.686 187.132c-9.373-9.373-9.373-24.569 0-33.941l22.667-22.667c9.357-9.357 24.522-9.375 33.901-.04L224 284.505l154.745-154.021c9.379-9.335 24.544-9.317 33.901.04l22.667 22.667c9.373 9.373 9.373 24.569 0 33.941L240.971 381.476c-9.373 9.372-24.569 9.372-33.942 0z\"><\/path><\/svg><\/div><\/span><\/div>\n<\/div><\/div>\n<\/div><\/div><\/summary>\n\n\n\n<div class=\"wp-block-stackable-column stk-block-column stk-column stk-block stk-c0871f2 stk-block-accordion__content\" data-v=\"4\" data-block-id=\"c0871f2\"><div class=\"stk-column-wrapper stk-block-column__content stk-container stk-c0871f2-container stk--no-background stk--no-padding\"><div class=\"stk-block-content stk-inner-blocks stk-c0871f2-inner-blocks\">\n<div class=\"wp-block-stackable-text stk-block-text stk-block stk-d4fcc39\" data-block-id=\"d4fcc39\"><style>.stk-d4fcc39 {margin-bottom:10px !important;}<\/style><p class=\"stk-block-text__text\">Pendant deux samedis par mois, des ateliers artistiques seront propos\u00e9s pour les enfants affin d&rsquo;apprendre \u00e0 dessiner, peindre, coller, etc&#8230;..<\/p><\/div>\n\n\n\n<blockquote class=\"wp-block-quote is-layout-flow wp-block-quote-is-layout-flow\">\n<p><strong>Prix pour tous les ateliers<\/strong> : 5\u20ac <\/p>\n\n\n\n<p><strong>La pr\u00e9sence \u00e0 tous les ateliers est OBLIGATOIRE !!<\/strong><\/p>\n<\/blockquote>\n\n\n\n<blockquote class=\"wp-block-quote is-layout-flow wp-block-quote-is-layout-flow\">\n<p><strong>Les horaires<\/strong> : de 15h \u00e0 17h<\/p>\n<\/blockquote>\n\n\n\n<div class=\"wp-block-buttons is-layout-flex wp-block-buttons-is-layout-flex\">\n<div class=\"wp-block-button\"><a class=\"wp-block-button__link wp-element-button\">Le calendrier des s\u00e9ances :<\/a><\/div>\n<\/div>\n\n\n\n<ul class=\"wp-block-list\">\n<li>11\/10 et 18\/10<\/li>\n\n\n\n<li>08\/11 et 22\/11<\/li>\n\n\n\n<li>06\/12<\/li>\n\n\n\n<li>10\/01 et 24\/01<\/li>\n\n\n\n<li>07\/02 et 21\/02<\/li>\n\n\n\n<li>14\/03 et 28\/03<\/li>\n\n\n\n<li>18\/04<\/li>\n\n\n\n<li>16\/05 et 23\/05<\/li>\n\n\n\n<li>06\/06<\/li>\n<\/ul>\n\n\n\n<figure class=\"wp-block-image size-large is-resized\"><img fetchpriority=\"high\" decoding=\"async\" width=\"724\" height=\"1024\" src=\"https:\/\/m13solidaire.fr\/wp-content\/uploads\/2025\/09\/SITE-Atelier-art-plastiques-1-724x1024.png\" alt=\"\" class=\"wp-image-2293\" style=\"width:493px;height:auto\" srcset=\"https:\/\/m13solidaire.fr\/wp-content\/uploads\/2025\/09\/SITE-Atelier-art-plastiques-1-724x1024.png 724w, https:\/\/m13solidaire.fr\/wp-content\/uploads\/2025\/09\/SITE-Atelier-art-plastiques-1-212x300.png 212w, https:\/\/m13solidaire.fr\/wp-content\/uploads\/2025\/09\/SITE-Atelier-art-plastiques-1-768x1086.png 768w, https:\/\/m13solidaire.fr\/wp-content\/uploads\/2025\/09\/SITE-Atelier-art-plastiques-1-1086x1536.png 1086w, https:\/\/m13solidaire.fr\/wp-content\/uploads\/2025\/09\/SITE-Atelier-art-plastiques-1-300x424.png 300w, https:\/\/m13solidaire.fr\/wp-content\/uploads\/2025\/09\/SITE-Atelier-art-plastiques-1-600x849.png 600w, https:\/\/m13solidaire.fr\/wp-content\/uploads\/2025\/09\/SITE-Atelier-art-plastiques-1.png 1414w\" sizes=\"(max-width: 724px) 100vw, 724px\" \/><\/figure>\n<\/div><\/div><\/div>\n<\/details>\n\n\n\n<p><\/p>\n","protected":false},"excerpt":{"rendered":"<p>Durant l&rsquo;ann\u00e9e, vos enfants et adolescents pourront b\u00e9n\u00e9ficier d&rsquo;ateliers qui dureront sur plusieurs s\u00e9ances. \u00c7a peut \u00eatre sur toute l&rsquo;ann\u00e9e, sur un trimestre ou un semestre. Les ateliers cr\u00e9atifs Pendant deux samedis par mois, des ateliers artistiques seront propos\u00e9s pour les enfants affin d&rsquo;apprendre \u00e0 dessiner, peindre, coller, etc&#8230;.. Prix pour tous les ateliers : [&hellip;]<\/p>\n","protected":false},"author":6,"featured_media":0,"parent":0,"menu_order":0,"comment_status":"closed","ping_status":"closed","template":"","meta":{"footnotes":""},"class_list":["post-2291","page","type-page","status-publish","hentry"],"blocksy_meta":[],"_links":{"self":[{"href":"https:\/\/m13solidaire.fr\/index.php?rest_route=\/wp\/v2\/pages\/2291","targetHints":{"allow":["GET"]}}],"collection":[{"href":"https:\/\/m13solidaire.fr\/index.php?rest_route=\/wp\/v2\/pages"}],"about":[{"href":"https:\/\/m13solidaire.fr\/index.php?rest_route=\/wp\/v2\/types\/page"}],"author":[{"embeddable":true,"href":"https:\/\/m13solidaire.fr\/index.php?rest_route=\/wp\/v2\/users\/6"}],"replies":[{"embeddable":true,"href":"https:\/\/m13solidaire.fr\/index.php?rest_route=%2Fwp%2Fv2%2Fcomments&post=2291"}],"version-history":[{"count":4,"href":"https:\/\/m13solidaire.fr\/index.php?rest_route=\/wp\/v2\/pages\/2291\/revisions"}],"predecessor-version":[{"id":2297,"href":"https:\/\/m13solidaire.fr\/index.php?rest_route=\/wp\/v2\/pages\/2291\/revisions\/2297"}],"wp:attachment":[{"href":"https:\/\/m13solidaire.fr\/index.php?rest_route=%2Fwp%2Fv2%2Fmedia&parent=2291"}],"curies":[{"name":"wp","href":"https:\/\/api.w.org\/{rel}","templated":true}]}}