{"id":2007,"date":"2025-02-24T17:55:35","date_gmt":"2025-02-24T16:55:35","guid":{"rendered":"https:\/\/m13solidaire.fr\/?page_id=2007"},"modified":"2026-04-01T10:54:21","modified_gmt":"2026-04-01T08:54:21","slug":"programme-mensuel-des-animations-periscolaires","status":"publish","type":"page","link":"https:\/\/m13solidaire.fr\/?page_id=2007","title":{"rendered":"Programme mensuel des animations p\u00e9riscolaires"},"content":{"rendered":"\n<p>Chaque mois, vous trouverez le programme mensuel des activit\u00e9s pour vos enfants et adolescents. <\/p>\n\n\n\n<details class=\"wp-block-stackable-accordion stk-block-accordion stk-inner-blocks stk-block-content stk-block stk-118b74b is-style-default\" data-block-id=\"118b74b\">\n<summary class=\"wp-block-stackable-column stk-block-column stk-column stk-block stk-dc2aa21 stk--container-small stk-block-accordion__heading\" data-v=\"4\" data-block-id=\"dc2aa21\"><div class=\"stk-column-wrapper stk-block-column__content stk-container stk-dc2aa21-container stk-hover-parent\"><div class=\"stk-block-content stk-inner-blocks stk-dc2aa21-inner-blocks\">\n<div class=\"wp-block-stackable-icon-label stk-block-icon-label stk-block stk-c7a1e71\" data-block-id=\"c7a1e71\"><div class=\"stk-row stk-inner-blocks stk-block-content\">\n<div class=\"wp-block-stackable-heading stk-block-heading stk-block-heading--v2 stk-block stk-d5bc2f4\" id=\"programme-du-mois-de-janvier-2026\" data-block-id=\"d5bc2f4\"><h4 class=\"stk-block-heading__text\">Programme du mois de Janvier 2026<\/h4><\/div>\n\n\n\n<div class=\"wp-block-stackable-icon stk-block-icon stk-block stk-d32ae1c\" data-block-id=\"d32ae1c\"><span class=\"stk--svg-wrapper\"><div class=\"stk--inner-svg\"><svg style=\"height:0;width:0\"><defs><linearGradient id=\"linear-gradient-d32ae1c\" x1=\"0\" x2=\"100%\" y1=\"0\" y2=\"0\"><stop offset=\"0%\" style=\"stop-opacity:1;stop-color:var(--linear-gradient-d-32-ae-1-c-color-1)\"><\/stop><stop offset=\"100%\" style=\"stop-opacity:1;stop-color:var(--linear-gradient-d-32-ae-1-c-color-2)\"><\/stop><\/linearGradient><\/defs><\/svg><svg data-prefix=\"fas\" data-icon=\"chevron-down\" class=\"svg-inline--fa fa-chevron-down fa-w-14\" xmlns=\"http:\/\/www.w3.org\/2000\/svg\" viewBox=\"0 0 448 512\" aria-hidden=\"true\" width=\"32\" height=\"32\"><path fill=\"currentColor\" d=\"M207.029 381.476L12.686 187.132c-9.373-9.373-9.373-24.569 0-33.941l22.667-22.667c9.357-9.357 24.522-9.375 33.901-.04L224 284.505l154.745-154.021c9.379-9.335 24.544-9.317 33.901.04l22.667 22.667c9.373 9.373 9.373 24.569 0 33.941L240.971 381.476c-9.373 9.372-24.569 9.372-33.942 0z\"><\/path><\/svg><\/div><\/span><\/div>\n<\/div><\/div>\n<\/div><\/div><\/summary>\n\n\n\n<div class=\"wp-block-stackable-column stk-block-column stk-column stk-block stk-65af4f3 stk-block-accordion__content\" data-v=\"4\" data-block-id=\"65af4f3\"><div class=\"stk-column-wrapper stk-block-column__content stk-container stk-65af4f3-container stk--no-background stk--no-padding\"><div class=\"stk-block-content stk-inner-blocks stk-65af4f3-inner-blocks\">\n<figure class=\"wp-block-image size-large is-resized\"><img fetchpriority=\"high\" decoding=\"async\" width=\"724\" height=\"1024\" src=\"https:\/\/m13solidaire.fr\/wp-content\/uploads\/2025\/12\/SITE-Animations-perisco.-Janvier-2026-1-724x1024.png\" alt=\"\" class=\"wp-image-2380\" style=\"width:608px;height:auto\" srcset=\"https:\/\/m13solidaire.fr\/wp-content\/uploads\/2025\/12\/SITE-Animations-perisco.-Janvier-2026-1-724x1024.png 724w, https:\/\/m13solidaire.fr\/wp-content\/uploads\/2025\/12\/SITE-Animations-perisco.-Janvier-2026-1-212x300.png 212w, https:\/\/m13solidaire.fr\/wp-content\/uploads\/2025\/12\/SITE-Animations-perisco.-Janvier-2026-1-768x1086.png 768w, https:\/\/m13solidaire.fr\/wp-content\/uploads\/2025\/12\/SITE-Animations-perisco.-Janvier-2026-1-1086x1536.png 1086w, https:\/\/m13solidaire.fr\/wp-content\/uploads\/2025\/12\/SITE-Animations-perisco.-Janvier-2026-1-300x424.png 300w, https:\/\/m13solidaire.fr\/wp-content\/uploads\/2025\/12\/SITE-Animations-perisco.-Janvier-2026-1-600x849.png 600w, https:\/\/m13solidaire.fr\/wp-content\/uploads\/2025\/12\/SITE-Animations-perisco.-Janvier-2026-1.png 1414w\" sizes=\"(max-width: 724px) 100vw, 724px\" \/><\/figure>\n\n\n\n<p><a href=\"https:\/\/m13solidaire.fr\/wp-content\/uploads\/2025\/12\/AFFICHE-Animations-perisco.-Janvier-2026.pdf\" data-type=\"link\" data-id=\"https:\/\/m13solidaire.fr\/wp-content\/uploads\/2025\/12\/AFFICHE-Animations-perisco.-Janvier-2026.pdf\">T\u00e9l\u00e9chargez le programme en cliquant ici :<\/a><\/p>\n<\/div><\/div><\/div>\n<\/details>\n\n\n\n<details class=\"wp-block-stackable-accordion stk-block-accordion stk-inner-blocks stk-block-content stk-block stk-eb92eba is-style-default\" data-block-id=\"eb92eba\">\n<summary class=\"wp-block-stackable-column stk-block-column stk-column stk-block stk-1840b47 stk--container-small stk-block-accordion__heading\" data-v=\"4\" data-block-id=\"1840b47\"><div class=\"stk-column-wrapper stk-block-column__content stk-container stk-1840b47-container stk-hover-parent\"><div class=\"stk-block-content stk-inner-blocks stk-1840b47-inner-blocks\">\n<div class=\"wp-block-stackable-icon-label stk-block-icon-label stk-block stk-44e5fb7\" data-block-id=\"44e5fb7\"><div class=\"stk-row stk-inner-blocks stk-block-content\">\n<div class=\"wp-block-stackable-heading stk-block-heading stk-block-heading--v2 stk-block stk-3ceaeb4\" id=\"programme-du-mois-de-fevrier-2026\" data-block-id=\"3ceaeb4\"><h4 class=\"stk-block-heading__text\">Programme du mois de F\u00e9vrier 2026<\/h4><\/div>\n\n\n\n<div class=\"wp-block-stackable-icon stk-block-icon stk-block stk-1171601\" data-block-id=\"1171601\"><span class=\"stk--svg-wrapper\"><div class=\"stk--inner-svg\"><svg style=\"height:0;width:0\"><defs><linearGradient id=\"linear-gradient-1171601\" x1=\"0\" x2=\"100%\" y1=\"0\" y2=\"0\"><stop offset=\"0%\" style=\"stop-opacity:1;stop-color:var(--linear-gradient-1171601-color-1)\"><\/stop><stop offset=\"100%\" style=\"stop-opacity:1;stop-color:var(--linear-gradient-1171601-color-2)\"><\/stop><\/linearGradient><\/defs><\/svg><svg data-prefix=\"fas\" data-icon=\"chevron-down\" class=\"svg-inline--fa fa-chevron-down fa-w-14\" xmlns=\"http:\/\/www.w3.org\/2000\/svg\" viewBox=\"0 0 448 512\" aria-hidden=\"true\" width=\"32\" height=\"32\"><path fill=\"currentColor\" d=\"M207.029 381.476L12.686 187.132c-9.373-9.373-9.373-24.569 0-33.941l22.667-22.667c9.357-9.357 24.522-9.375 33.901-.04L224 284.505l154.745-154.021c9.379-9.335 24.544-9.317 33.901.04l22.667 22.667c9.373 9.373 9.373 24.569 0 33.941L240.971 381.476c-9.373 9.372-24.569 9.372-33.942 0z\"><\/path><\/svg><\/div><\/span><\/div>\n<\/div><\/div>\n<\/div><\/div><\/summary>\n\n\n\n<div class=\"wp-block-stackable-column stk-block-column stk-column stk-block stk-6bb74c2 stk-block-accordion__content\" data-v=\"4\" data-block-id=\"6bb74c2\"><div class=\"stk-column-wrapper stk-block-column__content stk-container stk-6bb74c2-container stk--no-background stk--no-padding\"><div class=\"stk-block-content stk-inner-blocks stk-6bb74c2-inner-blocks\">\n<p><a href=\"https:\/\/m13solidaire.fr\/wp-content\/uploads\/2026\/02\/Affiche-Animations-perisco.-fevrier-2026.pdf\">T\u00e9l\u00e9chargez le programme en cliquant ici :<\/a><\/p>\n\n\n\n<figure class=\"wp-block-image size-large is-resized\"><img decoding=\"async\" width=\"724\" height=\"1024\" src=\"https:\/\/m13solidaire.fr\/wp-content\/uploads\/2026\/02\/Site-Animations-perisco.-fevrier-2026-1-724x1024.png\" alt=\"\" class=\"wp-image-2421\" style=\"width:583px;height:auto\" srcset=\"https:\/\/m13solidaire.fr\/wp-content\/uploads\/2026\/02\/Site-Animations-perisco.-fevrier-2026-1-724x1024.png 724w, https:\/\/m13solidaire.fr\/wp-content\/uploads\/2026\/02\/Site-Animations-perisco.-fevrier-2026-1-212x300.png 212w, https:\/\/m13solidaire.fr\/wp-content\/uploads\/2026\/02\/Site-Animations-perisco.-fevrier-2026-1-768x1086.png 768w, https:\/\/m13solidaire.fr\/wp-content\/uploads\/2026\/02\/Site-Animations-perisco.-fevrier-2026-1-1086x1536.png 1086w, https:\/\/m13solidaire.fr\/wp-content\/uploads\/2026\/02\/Site-Animations-perisco.-fevrier-2026-1-300x424.png 300w, https:\/\/m13solidaire.fr\/wp-content\/uploads\/2026\/02\/Site-Animations-perisco.-fevrier-2026-1-600x849.png 600w, https:\/\/m13solidaire.fr\/wp-content\/uploads\/2026\/02\/Site-Animations-perisco.-fevrier-2026-1.png 1414w\" sizes=\"(max-width: 724px) 100vw, 724px\" \/><\/figure>\n<\/div><\/div><\/div>\n<\/details>\n\n\n\n<details class=\"wp-block-stackable-accordion stk-block-accordion stk-inner-blocks stk-block-content stk-block stk-fd8c8c1 is-style-default\" data-block-id=\"fd8c8c1\">\n<summary class=\"wp-block-stackable-column stk-block-column stk-column stk-block stk-ae89841 stk--container-small stk-block-accordion__heading\" data-v=\"4\" data-block-id=\"ae89841\"><div class=\"stk-column-wrapper stk-block-column__content stk-container stk-ae89841-container stk-hover-parent\"><div class=\"stk-block-content stk-inner-blocks stk-ae89841-inner-blocks\">\n<div class=\"wp-block-stackable-icon-label stk-block-icon-label stk-block stk-1d4f2e0\" data-block-id=\"1d4f2e0\"><div class=\"stk-row stk-inner-blocks stk-block-content\">\n<div class=\"wp-block-stackable-heading stk-block-heading stk-block-heading--v2 stk-block stk-3206d5c\" id=\"programme-du-mois-de-mars-2026\" data-block-id=\"3206d5c\"><h4 class=\"stk-block-heading__text\">Programme du mois de Mars 2026<\/h4><\/div>\n\n\n\n<div class=\"wp-block-stackable-icon stk-block-icon stk-block stk-e234809\" data-block-id=\"e234809\"><span class=\"stk--svg-wrapper\"><div class=\"stk--inner-svg\"><svg style=\"height:0;width:0\"><defs><linearGradient id=\"linear-gradient-e234809\" x1=\"0\" x2=\"100%\" y1=\"0\" y2=\"0\"><stop offset=\"0%\" style=\"stop-opacity:1;stop-color:var(--linear-gradient-e-234809-color-1)\"><\/stop><stop offset=\"100%\" style=\"stop-opacity:1;stop-color:var(--linear-gradient-e-234809-color-2)\"><\/stop><\/linearGradient><\/defs><\/svg><svg data-prefix=\"fas\" data-icon=\"chevron-down\" class=\"svg-inline--fa fa-chevron-down fa-w-14\" xmlns=\"http:\/\/www.w3.org\/2000\/svg\" viewBox=\"0 0 448 512\" aria-hidden=\"true\" width=\"32\" height=\"32\"><path fill=\"currentColor\" d=\"M207.029 381.476L12.686 187.132c-9.373-9.373-9.373-24.569 0-33.941l22.667-22.667c9.357-9.357 24.522-9.375 33.901-.04L224 284.505l154.745-154.021c9.379-9.335 24.544-9.317 33.901.04l22.667 22.667c9.373 9.373 9.373 24.569 0 33.941L240.971 381.476c-9.373 9.372-24.569 9.372-33.942 0z\"><\/path><\/svg><\/div><\/span><\/div>\n<\/div><\/div>\n<\/div><\/div><\/summary>\n\n\n\n<div class=\"wp-block-stackable-column stk-block-column stk-column stk-block stk-de55c0d stk-block-accordion__content\" data-v=\"4\" data-block-id=\"de55c0d\"><div class=\"stk-column-wrapper stk-block-column__content stk-container stk-de55c0d-container stk--no-background stk--no-padding\"><div class=\"stk-block-content stk-inner-blocks stk-de55c0d-inner-blocks\">\n<p><a href=\"https:\/\/m13solidaire.fr\/wp-content\/uploads\/2026\/03\/AFFICHE-Animations-perisco.-Mars-2026.pdf\">T\u00e9l\u00e9chargez le programme en cliquant ici :<\/a><\/p>\n\n\n\n<figure class=\"wp-block-image size-large is-resized\"><img decoding=\"async\" width=\"724\" height=\"1024\" src=\"https:\/\/m13solidaire.fr\/wp-content\/uploads\/2026\/03\/SITE-Animations-perisco.-Mars-2026-1-724x1024.png\" alt=\"\" class=\"wp-image-2442\" style=\"width:591px;height:auto\" srcset=\"https:\/\/m13solidaire.fr\/wp-content\/uploads\/2026\/03\/SITE-Animations-perisco.-Mars-2026-1-724x1024.png 724w, https:\/\/m13solidaire.fr\/wp-content\/uploads\/2026\/03\/SITE-Animations-perisco.-Mars-2026-1-212x300.png 212w, https:\/\/m13solidaire.fr\/wp-content\/uploads\/2026\/03\/SITE-Animations-perisco.-Mars-2026-1-768x1086.png 768w, https:\/\/m13solidaire.fr\/wp-content\/uploads\/2026\/03\/SITE-Animations-perisco.-Mars-2026-1-1086x1536.png 1086w, https:\/\/m13solidaire.fr\/wp-content\/uploads\/2026\/03\/SITE-Animations-perisco.-Mars-2026-1-300x424.png 300w, https:\/\/m13solidaire.fr\/wp-content\/uploads\/2026\/03\/SITE-Animations-perisco.-Mars-2026-1-600x849.png 600w, https:\/\/m13solidaire.fr\/wp-content\/uploads\/2026\/03\/SITE-Animations-perisco.-Mars-2026-1.png 1414w\" sizes=\"(max-width: 724px) 100vw, 724px\" \/><\/figure>\n<\/div><\/div><\/div>\n<\/details>\n\n\n\n<details class=\"wp-block-stackable-accordion stk-block-accordion stk-inner-blocks stk-block-content stk-block stk-8c4044c is-style-default\" data-block-id=\"8c4044c\">\n<summary class=\"wp-block-stackable-column stk-block-column stk-column stk-block stk-84d1a48 stk--container-small stk-block-accordion__heading\" data-v=\"4\" data-block-id=\"84d1a48\"><div class=\"stk-column-wrapper stk-block-column__content stk-container stk-84d1a48-container stk-hover-parent\"><div class=\"stk-block-content stk-inner-blocks stk-84d1a48-inner-blocks\">\n<div class=\"wp-block-stackable-icon-label stk-block-icon-label stk-block stk-bac1c47\" data-block-id=\"bac1c47\"><div class=\"stk-row stk-inner-blocks stk-block-content\">\n<div class=\"wp-block-stackable-heading stk-block-heading stk-block-heading--v2 stk-block stk-49b3a32\" id=\"programme-du-mois-d-avril-2026\" data-block-id=\"49b3a32\"><h4 class=\"stk-block-heading__text\">Programme du Mois d&rsquo;Avril 2026<\/h4><\/div>\n\n\n\n<div class=\"wp-block-stackable-icon stk-block-icon stk-block stk-a4de916\" data-block-id=\"a4de916\"><span class=\"stk--svg-wrapper\"><div class=\"stk--inner-svg\"><svg style=\"height:0;width:0\"><defs><linearGradient id=\"linear-gradient-a4de916\" x1=\"0\" x2=\"100%\" y1=\"0\" y2=\"0\"><stop offset=\"0%\" style=\"stop-opacity:1;stop-color:var(--linear-gradient-a-4-de-916-color-1)\"><\/stop><stop offset=\"100%\" style=\"stop-opacity:1;stop-color:var(--linear-gradient-a-4-de-916-color-2)\"><\/stop><\/linearGradient><\/defs><\/svg><svg data-prefix=\"fas\" data-icon=\"chevron-down\" class=\"svg-inline--fa fa-chevron-down fa-w-14\" xmlns=\"http:\/\/www.w3.org\/2000\/svg\" viewBox=\"0 0 448 512\" aria-hidden=\"true\" width=\"32\" height=\"32\"><path fill=\"currentColor\" d=\"M207.029 381.476L12.686 187.132c-9.373-9.373-9.373-24.569 0-33.941l22.667-22.667c9.357-9.357 24.522-9.375 33.901-.04L224 284.505l154.745-154.021c9.379-9.335 24.544-9.317 33.901.04l22.667 22.667c9.373 9.373 9.373 24.569 0 33.941L240.971 381.476c-9.373 9.372-24.569 9.372-33.942 0z\"><\/path><\/svg><\/div><\/span><\/div>\n<\/div><\/div>\n<\/div><\/div><\/summary>\n\n\n\n<div class=\"wp-block-stackable-column stk-block-column stk-column stk-block stk-b14d505 stk-block-accordion__content\" data-v=\"4\" data-block-id=\"b14d505\"><div class=\"stk-column-wrapper stk-block-column__content stk-container stk-b14d505-container stk--no-background stk--no-padding\"><div class=\"stk-block-content stk-inner-blocks stk-b14d505-inner-blocks\">\n<p><a href=\"https:\/\/m13solidaire.fr\/wp-content\/uploads\/2026\/04\/AFFICHE-Animations-perisco.-Avril-2026.pdf\">T\u00e9l\u00e9chargez le programme en cliquant ici :<\/a><\/p>\n\n\n\n<figure class=\"wp-block-image size-large is-resized\"><img loading=\"lazy\" decoding=\"async\" width=\"724\" height=\"1024\" src=\"https:\/\/m13solidaire.fr\/wp-content\/uploads\/2026\/04\/Animations-perisco.-Avril-2026-1-724x1024.png\" alt=\"\" class=\"wp-image-2464\" style=\"width:569px;height:auto\" srcset=\"https:\/\/m13solidaire.fr\/wp-content\/uploads\/2026\/04\/Animations-perisco.-Avril-2026-1-724x1024.png 724w, https:\/\/m13solidaire.fr\/wp-content\/uploads\/2026\/04\/Animations-perisco.-Avril-2026-1-212x300.png 212w, https:\/\/m13solidaire.fr\/wp-content\/uploads\/2026\/04\/Animations-perisco.-Avril-2026-1-768x1086.png 768w, https:\/\/m13solidaire.fr\/wp-content\/uploads\/2026\/04\/Animations-perisco.-Avril-2026-1-1086x1536.png 1086w, https:\/\/m13solidaire.fr\/wp-content\/uploads\/2026\/04\/Animations-perisco.-Avril-2026-1-300x424.png 300w, https:\/\/m13solidaire.fr\/wp-content\/uploads\/2026\/04\/Animations-perisco.-Avril-2026-1-600x849.png 600w, https:\/\/m13solidaire.fr\/wp-content\/uploads\/2026\/04\/Animations-perisco.-Avril-2026-1.png 1414w\" sizes=\"(max-width: 724px) 100vw, 724px\" \/><\/figure>\n<\/div><\/div><\/div>\n<\/details>\n\n\n\n<details class=\"wp-block-stackable-accordion stk-block-accordion stk-inner-blocks stk-block-content stk-block stk-8df714c is-style-default\" data-block-id=\"8df714c\">\n<summary class=\"wp-block-stackable-column stk-block-column stk-column stk-block stk-d1ebced stk--container-small stk-block-accordion__heading\" data-v=\"4\" data-block-id=\"d1ebced\"><div class=\"stk-column-wrapper stk-block-column__content stk-container stk-d1ebced-container stk-hover-parent\"><div class=\"stk-block-content stk-inner-blocks stk-d1ebced-inner-blocks\">\n<div class=\"wp-block-stackable-icon-label stk-block-icon-label stk-block stk-a53d3af\" data-block-id=\"a53d3af\"><div class=\"stk-row stk-inner-blocks stk-block-content\">\n<div class=\"wp-block-stackable-heading stk-block-heading stk-block-heading--v2 stk-block stk-c0541bf\" data-block-id=\"c0541bf\"><h4 class=\"stk-block-heading__text\"><\/h4><\/div>\n\n\n\n<div class=\"wp-block-stackable-icon stk-block-icon stk-block stk-0521aa8\" data-block-id=\"0521aa8\"><span class=\"stk--svg-wrapper\"><div class=\"stk--inner-svg\"><svg style=\"height:0;width:0\"><defs><linearGradient id=\"linear-gradient-0521aa8\" x1=\"0\" x2=\"100%\" y1=\"0\" y2=\"0\"><stop offset=\"0%\" style=\"stop-opacity:1;stop-color:var(--linear-gradient-0521-aa-8-color-1)\"><\/stop><stop offset=\"100%\" style=\"stop-opacity:1;stop-color:var(--linear-gradient-0521-aa-8-color-2)\"><\/stop><\/linearGradient><\/defs><\/svg><svg data-prefix=\"fas\" data-icon=\"chevron-down\" class=\"svg-inline--fa fa-chevron-down fa-w-14\" xmlns=\"http:\/\/www.w3.org\/2000\/svg\" viewBox=\"0 0 448 512\" aria-hidden=\"true\" width=\"32\" height=\"32\"><path fill=\"currentColor\" d=\"M207.029 381.476L12.686 187.132c-9.373-9.373-9.373-24.569 0-33.941l22.667-22.667c9.357-9.357 24.522-9.375 33.901-.04L224 284.505l154.745-154.021c9.379-9.335 24.544-9.317 33.901.04l22.667 22.667c9.373 9.373 9.373 24.569 0 33.941L240.971 381.476c-9.373 9.372-24.569 9.372-33.942 0z\"><\/path><\/svg><\/div><\/span><\/div>\n<\/div><\/div>\n<\/div><\/div><\/summary>\n\n\n\n<div class=\"wp-block-stackable-column stk-block-column stk-column stk-block stk-9378d5f stk-block-accordion__content\" data-v=\"4\" data-block-id=\"9378d5f\"><div class=\"stk-column-wrapper stk-block-column__content stk-container stk-9378d5f-container stk--no-background stk--no-padding\"><div class=\"stk-block-content stk-inner-blocks stk-9378d5f-inner-blocks\"><\/div><\/div><\/div>\n<\/details>\n","protected":false},"excerpt":{"rendered":"<p>Chaque mois, vous trouverez le programme mensuel des activit\u00e9s pour vos enfants et adolescents. Programme du mois de Janvier 2026 T\u00e9l\u00e9chargez le programme en cliquant ici : Programme du mois de F\u00e9vrier 2026 T\u00e9l\u00e9chargez le programme en cliquant ici : Programme du mois de Mars 2026 T\u00e9l\u00e9chargez le programme en cliquant ici : Programme du [&hellip;]<\/p>\n","protected":false},"author":6,"featured_media":0,"parent":0,"menu_order":0,"comment_status":"closed","ping_status":"closed","template":"","meta":{"footnotes":""},"class_list":["post-2007","page","type-page","status-publish","hentry"],"blocksy_meta":[],"_links":{"self":[{"href":"https:\/\/m13solidaire.fr\/index.php?rest_route=\/wp\/v2\/pages\/2007","targetHints":{"allow":["GET"]}}],"collection":[{"href":"https:\/\/m13solidaire.fr\/index.php?rest_route=\/wp\/v2\/pages"}],"about":[{"href":"https:\/\/m13solidaire.fr\/index.php?rest_route=\/wp\/v2\/types\/page"}],"author":[{"embeddable":true,"href":"https:\/\/m13solidaire.fr\/index.php?rest_route=\/wp\/v2\/users\/6"}],"replies":[{"embeddable":true,"href":"https:\/\/m13solidaire.fr\/index.php?rest_route=%2Fwp%2Fv2%2Fcomments&post=2007"}],"version-history":[{"count":14,"href":"https:\/\/m13solidaire.fr\/index.php?rest_route=\/wp\/v2\/pages\/2007\/revisions"}],"predecessor-version":[{"id":2466,"href":"https:\/\/m13solidaire.fr\/index.php?rest_route=\/wp\/v2\/pages\/2007\/revisions\/2466"}],"wp:attachment":[{"href":"https:\/\/m13solidaire.fr\/index.php?rest_route=%2Fwp%2Fv2%2Fmedia&parent=2007"}],"curies":[{"name":"wp","href":"https:\/\/api.w.org\/{rel}","templated":true}]}}