{"id":1880,"date":"2024-10-27T18:22:51","date_gmt":"2024-10-27T17:22:51","guid":{"rendered":"https:\/\/m13solidaire.fr\/?page_id=1880"},"modified":"2024-10-27T18:25:53","modified_gmt":"2024-10-27T17:25:53","slug":"bibliotheque-jeunesse","status":"publish","type":"page","link":"https:\/\/m13solidaire.fr\/?page_id=1880","title":{"rendered":"Biblioth\u00e8que jeunesse"},"content":{"rendered":"<style>.kb-row-layout-id1880_41b2f5-42 > .kt-row-column-wrap{align-content:center;}:where(.kb-row-layout-id1880_41b2f5-42 > .kt-row-column-wrap) > .wp-block-kadence-column{justify-content:center;}.kb-row-layout-id1880_41b2f5-42 > .kt-row-column-wrap{column-gap:var(--global-kb-gap-none, 0rem );row-gap:var(--global-kb-gap-none, 0rem );max-width:1140px;margin-left:auto;margin-right:auto;padding-top:100px;padding-right:0px;padding-bottom:100px;padding-left:0px;grid-template-columns:repeat(2, minmax(0, 1fr));}.kb-row-layout-id1880_41b2f5-42{background-color:var(--global-palette8, #F7FAFC);}.kb-row-layout-id1880_41b2f5-42 > .kt-row-layout-overlay{opacity:0.04;}@media all and (max-width: 1024px){.kb-row-layout-id1880_41b2f5-42 > .kt-row-column-wrap{max-width:700px;margin-left:auto;margin-right:auto;padding-top:80px;padding-right:0px;padding-bottom:80px;padding-left:0px;grid-template-columns:minmax(0, 1fr);}}@media all and (max-width: 767px){.kb-row-layout-id1880_41b2f5-42 > .kt-row-column-wrap{padding-top:60px;padding-right:15px;padding-bottom:60px;padding-left:15px;grid-template-columns:minmax(0, 1fr);}}.kb-row-layout-id1880_41b2f5-42 .contact-img-1 img{margin: -80px 0px -80px 0px;}<\/style><div class=\"kb-row-layout-wrap kb-row-layout-id1880_41b2f5-42 alignfull has-theme-palette8-background-color kt-row-has-bg wp-block-kadence-rowlayout\"><div class=\"kt-row-column-wrap kt-has-2-columns kt-row-layout-equal kt-tab-layout-row kt-mobile-layout-row kt-row-valign-middle\">\n<style>.kadence-column1880_18f5eb-4a > .kt-inside-inner-col{padding-top:10px;padding-right:10px;padding-bottom:10px;padding-left:10px;}.kadence-column1880_18f5eb-4a > .kt-inside-inner-col,.kadence-column1880_18f5eb-4a > .kt-inside-inner-col:before{border-top-left-radius:0px;border-top-right-radius:0px;border-bottom-right-radius:0px;border-bottom-left-radius:0px;}.kadence-column1880_18f5eb-4a > .kt-inside-inner-col{column-gap:var(--global-kb-gap-sm, 1rem);}.kadence-column1880_18f5eb-4a > .kt-inside-inner-col{flex-direction:column;}.kadence-column1880_18f5eb-4a > .kt-inside-inner-col > .aligncenter{width:100%;}.kadence-column1880_18f5eb-4a > .kt-inside-inner-col:before{opacity:0.3;}.kadence-column1880_18f5eb-4a{position:relative;}.kadence-column1880_18f5eb-4a, .kt-inside-inner-col > .kadence-column1880_18f5eb-4a:not(.specificity){margin-top:0px;margin-right:120px;margin-bottom:0px;margin-left:0px;}@media all and (max-width: 1024px){.kadence-column1880_18f5eb-4a > .kt-inside-inner-col{flex-direction:column;justify-content:center;}}@media all and (max-width: 1024px){.kadence-column1880_18f5eb-4a, .kt-inside-inner-col > .kadence-column1880_18f5eb-4a:not(.specificity){margin-top:0px;margin-right:0px;margin-bottom:0px;margin-left:0px;}}@media all and (max-width: 767px){.kadence-column1880_18f5eb-4a > .kt-inside-inner-col{padding-top:0px;padding-right:0px;padding-bottom:0px;padding-left:0px;flex-direction:column;justify-content:center;}}<\/style>\n<div class=\"wp-block-kadence-column kadence-column1880_18f5eb-4a inner-column-1\"><div class=\"kt-inside-inner-col\">\n<p>Permettre l\u2019acc\u00e8s LIBRE des livres aux jeunes de 4 \u00e0 18 ans et + !<\/p>\n\n\n\n<p>Responsables : Chantal et Francine (b\u00e9n\u00e9voles)<\/p>\n\n\n\n<p>Organisation des livres disponibles par ensemble : \u00e9tag\u00e8res, bacs, rayonnages \u00e0 l\u2019aide d\u2019une signal\u00e9tique par couleur selon les \u00e2ges, les genres litt\u00e9raires et les th\u00e8mes.<\/p>\n<\/div><\/div>\n\n\n<style>.kadence-column1880_9b736f-cb > .kt-inside-inner-col{display:flex;}.kadence-column1880_9b736f-cb > .kt-inside-inner-col,.kadence-column1880_9b736f-cb > .kt-inside-inner-col:before{border-top-left-radius:0px;border-top-right-radius:0px;border-bottom-right-radius:0px;border-bottom-left-radius:0px;}.kadence-column1880_9b736f-cb > .kt-inside-inner-col{column-gap:var(--global-kb-gap-sm, 1rem);}.kadence-column1880_9b736f-cb > .kt-inside-inner-col{flex-direction:column;justify-content:center;}.kadence-column1880_9b736f-cb > .kt-inside-inner-col > .aligncenter{width:100%;}.kt-row-column-wrap > .kadence-column1880_9b736f-cb{align-self:center;}.kt-inner-column-height-full:not(.kt-has-1-columns) > .wp-block-kadence-column.kadence-column1880_9b736f-cb{align-self:auto;}.kt-inner-column-height-full:not(.kt-has-1-columns) > .wp-block-kadence-column.kadence-column1880_9b736f-cb > .kt-inside-inner-col{flex-direction:column;justify-content:center;}.kadence-column1880_9b736f-cb > .kt-inside-inner-col:before{opacity:0.3;}.kadence-column1880_9b736f-cb{position:relative;}@media all and (max-width: 1024px){.kt-row-column-wrap > .kadence-column1880_9b736f-cb{align-self:center;}}@media all and (max-width: 1024px){.kt-inner-column-height-full:not(.kt-has-1-columns) > .wp-block-kadence-column.kadence-column1880_9b736f-cb{align-self:auto;}}@media all and (max-width: 1024px){.kt-inner-column-height-full:not(.kt-has-1-columns) > .wp-block-kadence-column.kadence-column1880_9b736f-cb > .kt-inside-inner-col{flex-direction:column;justify-content:center;}}@media all and (max-width: 1024px){.kadence-column1880_9b736f-cb > .kt-inside-inner-col{flex-direction:column;justify-content:center;align-items:center;}}@media all and (max-width: 1024px){.kadence-column1880_9b736f-cb, .kt-inside-inner-col > .kadence-column1880_9b736f-cb:not(.specificity){margin-top:70px;margin-right:0px;margin-bottom:0px;margin-left:0px;}}@media all and (max-width: 767px){.kadence-column1880_9b736f-cb > .kt-inside-inner-col{padding-top:0px;padding-right:0px;padding-bottom:0px;padding-left:0px;flex-direction:column;justify-content:center;align-items:center;}.kt-row-column-wrap > .kadence-column1880_9b736f-cb{align-self:center;}.kt-inner-column-height-full:not(.kt-has-1-columns) > .wp-block-kadence-column.kadence-column1880_9b736f-cb{align-self:auto;}.kt-inner-column-height-full:not(.kt-has-1-columns) > .wp-block-kadence-column.kadence-column1880_9b736f-cb > .kt-inside-inner-col{flex-direction:column;justify-content:center;}.kadence-column1880_9b736f-cb, .kt-inside-inner-col > .kadence-column1880_9b736f-cb:not(.specificity){margin-bottom:-80px;}}<\/style>\n<div class=\"wp-block-kadence-column kadence-column1880_9b736f-cb kb-section-dir-vertical inner-column-2\"><div class=\"kt-inside-inner-col\"><style>.kb-image1880_c97b27-6a.kb-image-is-ratio-size, .kb-image1880_c97b27-6a .kb-image-is-ratio-size{max-width:400px;width:100%;}.wp-block-kadence-column > .kt-inside-inner-col > .kb-image1880_c97b27-6a.kb-image-is-ratio-size, .wp-block-kadence-column > .kt-inside-inner-col > .kb-image1880_c97b27-6a .kb-image-is-ratio-size{align-self:unset;}.kb-image1880_c97b27-6a figure{max-width:400px;}.kb-image1880_c97b27-6a .image-is-svg, .kb-image1880_c97b27-6a .image-is-svg img{width:100%;}.kb-image1880_c97b27-6a .kb-image-has-overlay:after{opacity:0.3;border-top-left-radius:200px;border-top-right-radius:200px;border-bottom-right-radius:200px;border-bottom-left-radius:200px;}.kb-image1880_c97b27-6a img.kb-img, .kb-image1880_c97b27-6a .kb-img img{border-top-left-radius:200px;border-top-right-radius:200px;border-bottom-right-radius:200px;border-bottom-left-radius:200px;}<\/style>\n<div class=\"wp-block-kadence-image kb-image1880_c97b27-6a\"><figure class=\"aligncenter size-large kb-image-is-ratio-size\"><div class=\"kb-is-ratio-image kb-image-ratio-square\"><img fetchpriority=\"high\" decoding=\"async\" width=\"1024\" height=\"683\" src=\"https:\/\/m13solidaire.fr\/wp-content\/uploads\/2024\/07\/image_processing20220510-28764-16r2an1-1024x683.jpg\" alt=\"\" class=\"kb-img wp-image-1516\" srcset=\"https:\/\/m13solidaire.fr\/wp-content\/uploads\/2024\/07\/image_processing20220510-28764-16r2an1-1024x683.jpg 1024w, https:\/\/m13solidaire.fr\/wp-content\/uploads\/2024\/07\/image_processing20220510-28764-16r2an1-300x200.jpg 300w, https:\/\/m13solidaire.fr\/wp-content\/uploads\/2024\/07\/image_processing20220510-28764-16r2an1-768x512.jpg 768w, https:\/\/m13solidaire.fr\/wp-content\/uploads\/2024\/07\/image_processing20220510-28764-16r2an1-600x400.jpg 600w, https:\/\/m13solidaire.fr\/wp-content\/uploads\/2024\/07\/image_processing20220510-28764-16r2an1.jpg 1200w\" sizes=\"(max-width: 1024px) 100vw, 1024px\" \/><\/div><\/figure><\/div>\n<\/div><\/div>\n\n<\/div><\/div>","protected":false},"excerpt":{"rendered":"<p>Permettre l\u2019acc\u00e8s LIBRE des livres aux jeunes de 4 \u00e0 18 ans et + ! Responsables : Chantal et Francine (b\u00e9n\u00e9voles) Organisation des livres disponibles par ensemble : \u00e9tag\u00e8res, bacs, rayonnages \u00e0 l\u2019aide d\u2019une signal\u00e9tique par couleur selon les \u00e2ges, les genres litt\u00e9raires et les th\u00e8mes.<\/p>\n","protected":false},"author":1,"featured_media":0,"parent":0,"menu_order":0,"comment_status":"closed","ping_status":"closed","template":"","meta":{"footnotes":""},"class_list":["post-1880","page","type-page","status-publish","hentry"],"blocksy_meta":[],"_links":{"self":[{"href":"https:\/\/m13solidaire.fr\/index.php?rest_route=\/wp\/v2\/pages\/1880","targetHints":{"allow":["GET"]}}],"collection":[{"href":"https:\/\/m13solidaire.fr\/index.php?rest_route=\/wp\/v2\/pages"}],"about":[{"href":"https:\/\/m13solidaire.fr\/index.php?rest_route=\/wp\/v2\/types\/page"}],"author":[{"embeddable":true,"href":"https:\/\/m13solidaire.fr\/index.php?rest_route=\/wp\/v2\/users\/1"}],"replies":[{"embeddable":true,"href":"https:\/\/m13solidaire.fr\/index.php?rest_route=%2Fwp%2Fv2%2Fcomments&post=1880"}],"version-history":[{"count":2,"href":"https:\/\/m13solidaire.fr\/index.php?rest_route=\/wp\/v2\/pages\/1880\/revisions"}],"predecessor-version":[{"id":1883,"href":"https:\/\/m13solidaire.fr\/index.php?rest_route=\/wp\/v2\/pages\/1880\/revisions\/1883"}],"wp:attachment":[{"href":"https:\/\/m13solidaire.fr\/index.php?rest_route=%2Fwp%2Fv2%2Fmedia&parent=1880"}],"curies":[{"name":"wp","href":"https:\/\/api.w.org\/{rel}","templated":true}]}}