{"id":1874,"date":"2024-10-27T18:03:06","date_gmt":"2024-10-27T17:03:06","guid":{"rendered":"https:\/\/m13solidaire.fr\/?page_id=1874"},"modified":"2024-10-27T19:26:30","modified_gmt":"2024-10-27T18:26:30","slug":"atelier-zumba","status":"publish","type":"page","link":"https:\/\/m13solidaire.fr\/?page_id=1874","title":{"rendered":"Atelier Zumba"},"content":{"rendered":"<style>.kb-row-layout-id1874_5d2ef5-79 > .kt-row-column-wrap{align-content:center;}:where(.kb-row-layout-id1874_5d2ef5-79 > .kt-row-column-wrap) > .wp-block-kadence-column{justify-content:center;}.kb-row-layout-id1874_5d2ef5-79 > .kt-row-column-wrap{column-gap:var(--global-kb-gap-none, 0rem );row-gap:var(--global-kb-gap-none, 0rem );max-width:1140px;margin-left:auto;margin-right:auto;padding-top:100px;padding-right:0px;padding-bottom:100px;padding-left:0px;grid-template-columns:repeat(2, minmax(0, 1fr));}.kb-row-layout-id1874_5d2ef5-79{background-color:var(--global-palette8, #F7FAFC);}.kb-row-layout-id1874_5d2ef5-79 > .kt-row-layout-overlay{opacity:0.04;}@media all and (max-width: 1024px){.kb-row-layout-id1874_5d2ef5-79 > .kt-row-column-wrap{max-width:700px;margin-left:auto;margin-right:auto;padding-top:80px;padding-right:0px;padding-bottom:80px;padding-left:0px;grid-template-columns:minmax(0, 1fr);}}@media all and (max-width: 767px){.kb-row-layout-id1874_5d2ef5-79 > .kt-row-column-wrap{padding-top:60px;padding-right:15px;padding-bottom:60px;padding-left:15px;grid-template-columns:minmax(0, 1fr);}}.kb-row-layout-id1874_5d2ef5-79 .contact-img-1 img{margin: -80px 0px -80px 0px;}<\/style><div class=\"kb-row-layout-wrap kb-row-layout-id1874_5d2ef5-79 alignfull has-theme-palette8-background-color kt-row-has-bg wp-block-kadence-rowlayout\"><div class=\"kt-row-column-wrap kt-has-2-columns kt-row-layout-equal kt-tab-layout-row kt-mobile-layout-row kt-row-valign-middle\">\n<style>.kadence-column1874_ea77c5-7b > .kt-inside-inner-col{padding-top:10px;padding-right:10px;padding-bottom:10px;padding-left:10px;}.kadence-column1874_ea77c5-7b > .kt-inside-inner-col,.kadence-column1874_ea77c5-7b > .kt-inside-inner-col:before{border-top-left-radius:0px;border-top-right-radius:0px;border-bottom-right-radius:0px;border-bottom-left-radius:0px;}.kadence-column1874_ea77c5-7b > .kt-inside-inner-col{column-gap:var(--global-kb-gap-sm, 1rem);}.kadence-column1874_ea77c5-7b > .kt-inside-inner-col{flex-direction:column;}.kadence-column1874_ea77c5-7b > .kt-inside-inner-col > .aligncenter{width:100%;}.kadence-column1874_ea77c5-7b > .kt-inside-inner-col:before{opacity:0.3;}.kadence-column1874_ea77c5-7b{position:relative;}.kadence-column1874_ea77c5-7b, .kt-inside-inner-col > .kadence-column1874_ea77c5-7b:not(.specificity){margin-top:0px;margin-right:120px;margin-bottom:0px;margin-left:0px;}@media all and (max-width: 1024px){.kadence-column1874_ea77c5-7b > .kt-inside-inner-col{flex-direction:column;justify-content:center;}}@media all and (max-width: 1024px){.kadence-column1874_ea77c5-7b, .kt-inside-inner-col > .kadence-column1874_ea77c5-7b:not(.specificity){margin-top:0px;margin-right:0px;margin-bottom:0px;margin-left:0px;}}@media all and (max-width: 767px){.kadence-column1874_ea77c5-7b > .kt-inside-inner-col{padding-top:0px;padding-right:0px;padding-bottom:0px;padding-left:0px;flex-direction:column;justify-content:center;}}<\/style>\n<div class=\"wp-block-kadence-column kadence-column1874_ea77c5-7b inner-column-1\"><div class=\"kt-inside-inner-col\">\n<p>La zumba est une m\u00e9thode de fitness compl\u00e8te alliant tous les \u00e9l\u00e9ments de la remise en forme : cardio, pr\u00e9paration musculaire, coordination, \u00e9quilibre et flexibilit\u00e9. L\u2019objectif est de bouger et s\u2019amuser tout en se d\u00e9pensant.<\/p>\n\n\n\n<p>Tous les mercredis de 18h30 \u00e0 19h30<\/p>\n\n\n\n<p><\/p>\n\n\n\n<p>Responsable&nbsp;: Wendy Bert<\/p>\n\n\n\n<p>Les chor\u00e9graphies s\u2019inspirent particuli\u00e8rement des danses latines et \u00e9galement des musiques du monde. La s\u00e9ance commence par un \u00e9chauffement n\u00e9cessaire \u00e0 la pr\u00e9paration des muscles. Puis le rythme devient de plus en plus intense avec diff\u00e9rents styles musicaux.<\/p>\n\n\n\n<p>Tous les mercredis de 18h30 \u00e0 19h30<\/p>\n\n\n\n<p>Inscription requise&nbsp;: OUI \u00catre adh\u00e9rent-e \u00e0 jour de sa cotisation<\/p>\n\n\n\n<p>Activit\u00e9 gratuite\u00a0<\/p>\n\n\n\n<p>Lieu&nbsp;: M13S 13 rue Annie Girardot 75013 Paris<\/p>\n<\/div><\/div>\n\n\n<style>.kadence-column1874_01dd37-8c > .kt-inside-inner-col{display:flex;}.kadence-column1874_01dd37-8c > .kt-inside-inner-col,.kadence-column1874_01dd37-8c > .kt-inside-inner-col:before{border-top-left-radius:0px;border-top-right-radius:0px;border-bottom-right-radius:0px;border-bottom-left-radius:0px;}.kadence-column1874_01dd37-8c > .kt-inside-inner-col{column-gap:var(--global-kb-gap-sm, 1rem);}.kadence-column1874_01dd37-8c > .kt-inside-inner-col{flex-direction:column;justify-content:center;}.kadence-column1874_01dd37-8c > .kt-inside-inner-col > .aligncenter{width:100%;}.kt-row-column-wrap > .kadence-column1874_01dd37-8c{align-self:center;}.kt-inner-column-height-full:not(.kt-has-1-columns) > .wp-block-kadence-column.kadence-column1874_01dd37-8c{align-self:auto;}.kt-inner-column-height-full:not(.kt-has-1-columns) > .wp-block-kadence-column.kadence-column1874_01dd37-8c > .kt-inside-inner-col{flex-direction:column;justify-content:center;}.kadence-column1874_01dd37-8c > .kt-inside-inner-col:before{opacity:0.3;}.kadence-column1874_01dd37-8c{position:relative;}@media all and (max-width: 1024px){.kt-row-column-wrap > .kadence-column1874_01dd37-8c{align-self:center;}}@media all and (max-width: 1024px){.kt-inner-column-height-full:not(.kt-has-1-columns) > .wp-block-kadence-column.kadence-column1874_01dd37-8c{align-self:auto;}}@media all and (max-width: 1024px){.kt-inner-column-height-full:not(.kt-has-1-columns) > .wp-block-kadence-column.kadence-column1874_01dd37-8c > .kt-inside-inner-col{flex-direction:column;justify-content:center;}}@media all and (max-width: 1024px){.kadence-column1874_01dd37-8c > .kt-inside-inner-col{flex-direction:column;justify-content:center;align-items:center;}}@media all and (max-width: 1024px){.kadence-column1874_01dd37-8c, .kt-inside-inner-col > .kadence-column1874_01dd37-8c:not(.specificity){margin-top:70px;margin-right:0px;margin-bottom:0px;margin-left:0px;}}@media all and (max-width: 767px){.kadence-column1874_01dd37-8c > .kt-inside-inner-col{padding-top:0px;padding-right:0px;padding-bottom:0px;padding-left:0px;flex-direction:column;justify-content:center;align-items:center;}.kt-row-column-wrap > .kadence-column1874_01dd37-8c{align-self:center;}.kt-inner-column-height-full:not(.kt-has-1-columns) > .wp-block-kadence-column.kadence-column1874_01dd37-8c{align-self:auto;}.kt-inner-column-height-full:not(.kt-has-1-columns) > .wp-block-kadence-column.kadence-column1874_01dd37-8c > .kt-inside-inner-col{flex-direction:column;justify-content:center;}.kadence-column1874_01dd37-8c, .kt-inside-inner-col > .kadence-column1874_01dd37-8c:not(.specificity){margin-bottom:-80px;}}<\/style>\n<div class=\"wp-block-kadence-column kadence-column1874_01dd37-8c kb-section-dir-vertical inner-column-2\"><div class=\"kt-inside-inner-col\"><style>.kb-image1874_f10d4f-da.kb-image-is-ratio-size, .kb-image1874_f10d4f-da .kb-image-is-ratio-size{max-width:400px;width:100%;}.wp-block-kadence-column > .kt-inside-inner-col > .kb-image1874_f10d4f-da.kb-image-is-ratio-size, .wp-block-kadence-column > .kt-inside-inner-col > .kb-image1874_f10d4f-da .kb-image-is-ratio-size{align-self:unset;}.kb-image1874_f10d4f-da figure{max-width:400px;}.kb-image1874_f10d4f-da .image-is-svg, .kb-image1874_f10d4f-da .image-is-svg img{width:100%;}.kb-image1874_f10d4f-da .kb-image-has-overlay:after{opacity:0.3;border-top-left-radius:200px;border-top-right-radius:200px;border-bottom-right-radius:200px;border-bottom-left-radius:200px;}.kb-image1874_f10d4f-da img.kb-img, .kb-image1874_f10d4f-da .kb-img img{border-top-left-radius:200px;border-top-right-radius:200px;border-bottom-right-radius:200px;border-bottom-left-radius:200px;}<\/style>\n<div class=\"wp-block-kadence-image kb-image1874_f10d4f-da\"><figure class=\"aligncenter size-large kb-image-is-ratio-size\"><div class=\"kb-is-ratio-image kb-image-ratio-square\"><img fetchpriority=\"high\" decoding=\"async\" width=\"1024\" height=\"683\" src=\"https:\/\/m13solidaire.fr\/wp-content\/uploads\/2024\/06\/4688722-GettyImages-950806258-06e1e050ab184f3694fd96017c9a42ee-1024x683.jpg\" alt=\"\" class=\"kb-img wp-image-1277\" srcset=\"https:\/\/m13solidaire.fr\/wp-content\/uploads\/2024\/06\/4688722-GettyImages-950806258-06e1e050ab184f3694fd96017c9a42ee-1024x683.jpg 1024w, https:\/\/m13solidaire.fr\/wp-content\/uploads\/2024\/06\/4688722-GettyImages-950806258-06e1e050ab184f3694fd96017c9a42ee-300x200.jpg 300w, https:\/\/m13solidaire.fr\/wp-content\/uploads\/2024\/06\/4688722-GettyImages-950806258-06e1e050ab184f3694fd96017c9a42ee-768x512.jpg 768w, https:\/\/m13solidaire.fr\/wp-content\/uploads\/2024\/06\/4688722-GettyImages-950806258-06e1e050ab184f3694fd96017c9a42ee-600x400.jpg 600w, https:\/\/m13solidaire.fr\/wp-content\/uploads\/2024\/06\/4688722-GettyImages-950806258-06e1e050ab184f3694fd96017c9a42ee.jpg 1500w\" sizes=\"(max-width: 1024px) 100vw, 1024px\" \/><\/div><\/figure><\/div>\n<\/div><\/div>\n\n<\/div><\/div>","protected":false},"excerpt":{"rendered":"<p>La zumba est une m\u00e9thode de fitness compl\u00e8te alliant tous les \u00e9l\u00e9ments de la remise en forme : cardio, pr\u00e9paration musculaire, coordination, \u00e9quilibre et flexibilit\u00e9. L\u2019objectif est de bouger et s\u2019amuser tout en se d\u00e9pensant. Tous les mercredis de 18h30 \u00e0 19h30 Responsable&nbsp;: Wendy Bert Les chor\u00e9graphies s\u2019inspirent particuli\u00e8rement des danses latines et \u00e9galement des [&hellip;]<\/p>\n","protected":false},"author":1,"featured_media":0,"parent":0,"menu_order":0,"comment_status":"closed","ping_status":"closed","template":"","meta":{"footnotes":""},"class_list":["post-1874","page","type-page","status-publish","hentry"],"blocksy_meta":[],"_links":{"self":[{"href":"https:\/\/m13solidaire.fr\/index.php?rest_route=\/wp\/v2\/pages\/1874","targetHints":{"allow":["GET"]}}],"collection":[{"href":"https:\/\/m13solidaire.fr\/index.php?rest_route=\/wp\/v2\/pages"}],"about":[{"href":"https:\/\/m13solidaire.fr\/index.php?rest_route=\/wp\/v2\/types\/page"}],"author":[{"embeddable":true,"href":"https:\/\/m13solidaire.fr\/index.php?rest_route=\/wp\/v2\/users\/1"}],"replies":[{"embeddable":true,"href":"https:\/\/m13solidaire.fr\/index.php?rest_route=%2Fwp%2Fv2%2Fcomments&post=1874"}],"version-history":[{"count":2,"href":"https:\/\/m13solidaire.fr\/index.php?rest_route=\/wp\/v2\/pages\/1874\/revisions"}],"predecessor-version":[{"id":1891,"href":"https:\/\/m13solidaire.fr\/index.php?rest_route=\/wp\/v2\/pages\/1874\/revisions\/1891"}],"wp:attachment":[{"href":"https:\/\/m13solidaire.fr\/index.php?rest_route=%2Fwp%2Fv2%2Fmedia&parent=1874"}],"curies":[{"name":"wp","href":"https:\/\/api.w.org\/{rel}","templated":true}]}}