{"id":1762,"date":"2024-10-16T10:37:10","date_gmt":"2024-10-16T08:37:10","guid":{"rendered":"https:\/\/m13solidaire.fr\/?page_id=1762"},"modified":"2026-02-24T11:18:25","modified_gmt":"2026-02-24T10:18:25","slug":"programme-des-vacances-de-la-toussaint-2024","status":"publish","type":"page","link":"https:\/\/m13solidaire.fr\/?page_id=1762","title":{"rendered":"Programme des vacances scolaires sur l&rsquo;ann\u00e9e 2026"},"content":{"rendered":"\n<p>Toute l&rsquo;ann\u00e9e, des activit\u00e9s sont propos\u00e9es pour vos enfants et adolescents durant les vacances scolaires. Retrouvez toute la programmation de l&rsquo;ann\u00e9e ci-dessous<\/p>\n\n\n\n<p><\/p>\n\n\n\n<details class=\"wp-block-stackable-accordion stk-block-accordion stk-inner-blocks stk-block-content stk-block stk-6751a7c is-style-default\" data-block-id=\"6751a7c\">\n<summary class=\"wp-block-stackable-column stk-block-column stk-column stk-block stk-0d9bb85 stk--container-small stk-block-accordion__heading\" data-v=\"4\" data-block-id=\"0d9bb85\"><div class=\"stk-column-wrapper stk-block-column__content stk-container stk-0d9bb85-container stk-hover-parent\"><div class=\"stk-block-content stk-inner-blocks stk-0d9bb85-inner-blocks\">\n<div class=\"wp-block-stackable-icon-label stk-block-icon-label stk-block stk-b388d25\" data-block-id=\"b388d25\"><div class=\"stk-row stk-inner-blocks stk-block-content\">\n<div class=\"wp-block-stackable-heading stk-block-heading stk-block-heading--v2 stk-block stk-5588d3b\" id=\"t\" data-block-id=\"5588d3b\"><h4 class=\"stk-block-heading__text\">Vacances scolaires d&rsquo;Hiver 2026<\/h4><\/div>\n\n\n\n<div class=\"wp-block-stackable-icon stk-block-icon stk-block stk-10cb7c3\" data-block-id=\"10cb7c3\"><span class=\"stk--svg-wrapper\"><div class=\"stk--inner-svg\"><svg style=\"height:0;width:0\"><defs><linearGradient id=\"linear-gradient-10cb7c3\" x1=\"0\" x2=\"100%\" y1=\"0\" y2=\"0\"><stop offset=\"0%\" style=\"stop-opacity:1;stop-color:var(--linear-gradient-10-cb-7-c-3-color-1)\"><\/stop><stop offset=\"100%\" style=\"stop-opacity:1;stop-color:var(--linear-gradient-10-cb-7-c-3-color-2)\"><\/stop><\/linearGradient><\/defs><\/svg><svg data-prefix=\"fas\" data-icon=\"chevron-down\" class=\"svg-inline--fa fa-chevron-down fa-w-14\" xmlns=\"http:\/\/www.w3.org\/2000\/svg\" viewBox=\"0 0 448 512\" aria-hidden=\"true\" width=\"32\" height=\"32\"><path fill=\"currentColor\" d=\"M207.029 381.476L12.686 187.132c-9.373-9.373-9.373-24.569 0-33.941l22.667-22.667c9.357-9.357 24.522-9.375 33.901-.04L224 284.505l154.745-154.021c9.379-9.335 24.544-9.317 33.901.04l22.667 22.667c9.373 9.373 9.373 24.569 0 33.941L240.971 381.476c-9.373 9.372-24.569 9.372-33.942 0z\"><\/path><\/svg><\/div><\/span><\/div>\n<\/div><\/div>\n<\/div><\/div><\/summary>\n\n\n\n<div class=\"wp-block-stackable-column stk-block-column stk-column stk-block stk-1864d10 stk-block-accordion__content\" data-v=\"4\" data-block-id=\"1864d10\"><div class=\"stk-column-wrapper stk-block-column__content stk-container stk-1864d10-container stk--no-background stk--no-padding\"><div class=\"stk-block-content stk-inner-blocks stk-1864d10-inner-blocks\">\n<p><a href=\"https:\/\/m13solidaire.fr\/wp-content\/uploads\/2026\/02\/AFFICHE-Vacances-dhiver-2026-1.pdf\">T\u00e9l\u00e9chargez le programme en cliquant ici :<\/a><\/p>\n\n\n\n<div class=\"wp-block-stackable-columns stk-block-columns stk-block stk-46f8a43\" data-block-id=\"46f8a43\"><div class=\"stk-row stk-inner-blocks stk-block-content stk-content-align stk-46f8a43-column\">\n<div class=\"wp-block-stackable-column stk-block-column stk-column stk-block stk-642c233\" data-v=\"4\" data-block-id=\"642c233\"><div class=\"stk-column-wrapper stk-block-column__content stk-container stk-642c233-container stk--no-background stk--no-padding\"><div class=\"stk-block-content stk-inner-blocks stk-642c233-inner-blocks\">\n<figure class=\"wp-block-image size-large\"><img fetchpriority=\"high\" decoding=\"async\" width=\"724\" height=\"1024\" src=\"https:\/\/m13solidaire.fr\/wp-content\/uploads\/2026\/02\/SITE-4-724x1024.png\" alt=\"\" class=\"wp-image-2425\" srcset=\"https:\/\/m13solidaire.fr\/wp-content\/uploads\/2026\/02\/SITE-4-724x1024.png 724w, https:\/\/m13solidaire.fr\/wp-content\/uploads\/2026\/02\/SITE-4-212x300.png 212w, https:\/\/m13solidaire.fr\/wp-content\/uploads\/2026\/02\/SITE-4-768x1086.png 768w, https:\/\/m13solidaire.fr\/wp-content\/uploads\/2026\/02\/SITE-4-1086x1536.png 1086w, https:\/\/m13solidaire.fr\/wp-content\/uploads\/2026\/02\/SITE-4-300x424.png 300w, https:\/\/m13solidaire.fr\/wp-content\/uploads\/2026\/02\/SITE-4-600x849.png 600w, https:\/\/m13solidaire.fr\/wp-content\/uploads\/2026\/02\/SITE-4.png 1414w\" sizes=\"(max-width: 724px) 100vw, 724px\" \/><\/figure>\n<\/div><\/div><\/div>\n\n\n\n<div class=\"wp-block-stackable-column stk-block-column stk-column stk-block stk-0d1c3c1\" data-v=\"4\" data-block-id=\"0d1c3c1\"><div class=\"stk-column-wrapper stk-block-column__content stk-container stk-0d1c3c1-container stk--no-background stk--no-padding\"><div class=\"stk-block-content stk-inner-blocks stk-0d1c3c1-inner-blocks\">\n<figure class=\"wp-block-image size-large\"><img decoding=\"async\" width=\"724\" height=\"1024\" src=\"https:\/\/m13solidaire.fr\/wp-content\/uploads\/2026\/02\/2-2-724x1024.png\" alt=\"\" class=\"wp-image-2426\" srcset=\"https:\/\/m13solidaire.fr\/wp-content\/uploads\/2026\/02\/2-2-724x1024.png 724w, https:\/\/m13solidaire.fr\/wp-content\/uploads\/2026\/02\/2-2-212x300.png 212w, https:\/\/m13solidaire.fr\/wp-content\/uploads\/2026\/02\/2-2-768x1086.png 768w, https:\/\/m13solidaire.fr\/wp-content\/uploads\/2026\/02\/2-2-1086x1536.png 1086w, https:\/\/m13solidaire.fr\/wp-content\/uploads\/2026\/02\/2-2-300x424.png 300w, https:\/\/m13solidaire.fr\/wp-content\/uploads\/2026\/02\/2-2-600x849.png 600w, https:\/\/m13solidaire.fr\/wp-content\/uploads\/2026\/02\/2-2.png 1414w\" sizes=\"(max-width: 724px) 100vw, 724px\" \/><\/figure>\n<\/div><\/div><\/div>\n\n\n\n<div class=\"wp-block-stackable-column stk-block-column stk-column stk-block stk-d8eff42\" data-v=\"4\" data-block-id=\"d8eff42\"><div class=\"stk-column-wrapper stk-block-column__content stk-container stk-d8eff42-container stk--no-background stk--no-padding\"><div class=\"stk-block-content stk-inner-blocks stk-d8eff42-inner-blocks\">\n<figure class=\"wp-block-image size-large\"><img decoding=\"async\" width=\"724\" height=\"1024\" src=\"https:\/\/m13solidaire.fr\/wp-content\/uploads\/2026\/02\/3-1-724x1024.png\" alt=\"\" class=\"wp-image-2427\" srcset=\"https:\/\/m13solidaire.fr\/wp-content\/uploads\/2026\/02\/3-1-724x1024.png 724w, https:\/\/m13solidaire.fr\/wp-content\/uploads\/2026\/02\/3-1-212x300.png 212w, https:\/\/m13solidaire.fr\/wp-content\/uploads\/2026\/02\/3-1-768x1086.png 768w, https:\/\/m13solidaire.fr\/wp-content\/uploads\/2026\/02\/3-1-1086x1536.png 1086w, https:\/\/m13solidaire.fr\/wp-content\/uploads\/2026\/02\/3-1-300x424.png 300w, https:\/\/m13solidaire.fr\/wp-content\/uploads\/2026\/02\/3-1-600x849.png 600w, https:\/\/m13solidaire.fr\/wp-content\/uploads\/2026\/02\/3-1.png 1414w\" sizes=\"(max-width: 724px) 100vw, 724px\" \/><\/figure>\n<\/div><\/div><\/div>\n<\/div><\/div>\n<\/div><\/div><\/div>\n<\/details>\n\n\n\n<details class=\"wp-block-stackable-accordion stk-block-accordion stk-inner-blocks stk-block-content stk-block stk-f58c450 is-style-default\" data-block-id=\"f58c450\">\n<summary class=\"wp-block-stackable-column stk-block-column stk-column stk-block stk-8f8f5f1 stk--container-small stk-block-accordion__heading\" data-v=\"4\" data-block-id=\"8f8f5f1\"><div class=\"stk-column-wrapper stk-block-column__content stk-container stk-8f8f5f1-container stk-hover-parent\"><div class=\"stk-block-content stk-inner-blocks stk-8f8f5f1-inner-blocks\">\n<div class=\"wp-block-stackable-icon-label stk-block-icon-label stk-block stk-c6a9342\" data-block-id=\"c6a9342\"><div class=\"stk-row stk-inner-blocks stk-block-content\">\n<div class=\"wp-block-stackable-heading stk-block-heading stk-block-heading--v2 stk-block stk-37a2a6c\" data-block-id=\"37a2a6c\"><h4 class=\"stk-block-heading__text\"><\/h4><\/div>\n\n\n\n<div class=\"wp-block-stackable-icon stk-block-icon stk-block stk-f9b7de1\" data-block-id=\"f9b7de1\"><span class=\"stk--svg-wrapper\"><div class=\"stk--inner-svg\"><svg style=\"height:0;width:0\"><defs><linearGradient id=\"linear-gradient-f9b7de1\" x1=\"0\" x2=\"100%\" y1=\"0\" y2=\"0\"><stop offset=\"0%\" style=\"stop-opacity:1;stop-color:var(--linear-gradient-f-9-b-7-de-1-color-1)\"><\/stop><stop offset=\"100%\" style=\"stop-opacity:1;stop-color:var(--linear-gradient-f-9-b-7-de-1-color-2)\"><\/stop><\/linearGradient><\/defs><\/svg><svg data-prefix=\"fas\" data-icon=\"chevron-down\" class=\"svg-inline--fa fa-chevron-down fa-w-14\" xmlns=\"http:\/\/www.w3.org\/2000\/svg\" viewBox=\"0 0 448 512\" aria-hidden=\"true\" width=\"32\" height=\"32\"><path fill=\"currentColor\" d=\"M207.029 381.476L12.686 187.132c-9.373-9.373-9.373-24.569 0-33.941l22.667-22.667c9.357-9.357 24.522-9.375 33.901-.04L224 284.505l154.745-154.021c9.379-9.335 24.544-9.317 33.901.04l22.667 22.667c9.373 9.373 9.373 24.569 0 33.941L240.971 381.476c-9.373 9.372-24.569 9.372-33.942 0z\"><\/path><\/svg><\/div><\/span><\/div>\n<\/div><\/div>\n<\/div><\/div><\/summary>\n\n\n\n<div class=\"wp-block-stackable-column stk-block-column stk-column stk-block stk-9195a45 stk-block-accordion__content\" data-v=\"4\" data-block-id=\"9195a45\"><div class=\"stk-column-wrapper stk-block-column__content stk-container stk-9195a45-container stk--no-background stk--no-padding\"><div class=\"stk-block-content stk-inner-blocks stk-9195a45-inner-blocks\">\n<p><\/p>\n\n\n\n<div class=\"wp-block-columns is-layout-flex wp-container-core-columns-is-layout-28f84493 wp-block-columns-is-layout-flex\">\n<div class=\"wp-block-column is-layout-flow wp-block-column-is-layout-flow\"><\/div>\n\n\n\n<div class=\"wp-block-column is-layout-flow wp-block-column-is-layout-flow\"><\/div>\n\n\n\n<div class=\"wp-block-column is-layout-flow wp-block-column-is-layout-flow\"><\/div>\n<\/div>\n<\/div><\/div><\/div>\n<\/details>\n\n\n\n<details class=\"wp-block-stackable-accordion stk-block-accordion stk-inner-blocks stk-block-content stk-block stk-dd4b7f1 is-style-default\" data-block-id=\"dd4b7f1\">\n<summary class=\"wp-block-stackable-column stk-block-column stk-column stk-block stk-54dc1cd stk--container-small stk-block-accordion__heading\" data-v=\"4\" data-block-id=\"54dc1cd\"><div class=\"stk-column-wrapper stk-block-column__content stk-container stk-54dc1cd-container stk-hover-parent\"><div class=\"stk-block-content stk-inner-blocks stk-54dc1cd-inner-blocks\">\n<div class=\"wp-block-stackable-icon-label stk-block-icon-label stk-block stk-ff283ee\" data-block-id=\"ff283ee\"><div class=\"stk-row stk-inner-blocks stk-block-content\">\n<div class=\"wp-block-stackable-heading stk-block-heading stk-block-heading--v2 stk-block stk-3493beb\" data-block-id=\"3493beb\"><h4 class=\"stk-block-heading__text\"><\/h4><\/div>\n\n\n\n<div class=\"wp-block-stackable-icon stk-block-icon stk-block stk-35f5bc2\" data-block-id=\"35f5bc2\"><span class=\"stk--svg-wrapper\"><div class=\"stk--inner-svg\"><svg style=\"height:0;width:0\"><defs><linearGradient id=\"linear-gradient-35f5bc2\" x1=\"0\" x2=\"100%\" y1=\"0\" y2=\"0\"><stop offset=\"0%\" style=\"stop-opacity:1;stop-color:var(--linear-gradient-35-f-5-bc-2-color-1)\"><\/stop><stop offset=\"100%\" style=\"stop-opacity:1;stop-color:var(--linear-gradient-35-f-5-bc-2-color-2)\"><\/stop><\/linearGradient><\/defs><\/svg><svg data-prefix=\"fas\" data-icon=\"chevron-down\" class=\"svg-inline--fa fa-chevron-down fa-w-14\" xmlns=\"http:\/\/www.w3.org\/2000\/svg\" viewBox=\"0 0 448 512\" aria-hidden=\"true\" width=\"32\" height=\"32\"><path fill=\"currentColor\" d=\"M207.029 381.476L12.686 187.132c-9.373-9.373-9.373-24.569 0-33.941l22.667-22.667c9.357-9.357 24.522-9.375 33.901-.04L224 284.505l154.745-154.021c9.379-9.335 24.544-9.317 33.901.04l22.667 22.667c9.373 9.373 9.373 24.569 0 33.941L240.971 381.476c-9.373 9.372-24.569 9.372-33.942 0z\"><\/path><\/svg><\/div><\/span><\/div>\n<\/div><\/div>\n<\/div><\/div><\/summary>\n\n\n\n<div class=\"wp-block-stackable-column stk-block-column stk-column stk-block stk-40c3243 stk-block-accordion__content\" data-v=\"4\" data-block-id=\"40c3243\"><div class=\"stk-column-wrapper stk-block-column__content stk-container stk-40c3243-container stk--no-background stk--no-padding\"><div class=\"stk-block-content stk-inner-blocks stk-40c3243-inner-blocks\">\n<p><\/p>\n<\/div><\/div><\/div>\n<\/details>\n\n\n\n<details class=\"wp-block-stackable-accordion stk-block-accordion stk-inner-blocks stk-block-content stk-block stk-7cce6e3 is-style-default\" data-block-id=\"7cce6e3\">\n<summary class=\"wp-block-stackable-column stk-block-column stk-column stk-block stk-362a3b9 stk--container-small stk-block-accordion__heading\" data-v=\"4\" data-block-id=\"362a3b9\"><div class=\"stk-column-wrapper stk-block-column__content stk-container stk-362a3b9-container stk-hover-parent\"><div class=\"stk-block-content stk-inner-blocks stk-362a3b9-inner-blocks\">\n<div class=\"wp-block-stackable-icon-label stk-block-icon-label stk-block stk-c429fb4\" data-block-id=\"c429fb4\"><div class=\"stk-row stk-inner-blocks stk-block-content\">\n<div class=\"wp-block-stackable-heading stk-block-heading stk-block-heading--v2 stk-block stk-8aebd16\" data-block-id=\"8aebd16\"><h4 class=\"stk-block-heading__text\"><\/h4><\/div>\n\n\n\n<div class=\"wp-block-stackable-icon stk-block-icon stk-block stk-3f7a3ee\" data-block-id=\"3f7a3ee\"><span class=\"stk--svg-wrapper\"><div class=\"stk--inner-svg\"><svg style=\"height:0;width:0\"><defs><linearGradient id=\"linear-gradient-3f7a3ee\" x1=\"0\" x2=\"100%\" y1=\"0\" y2=\"0\"><stop offset=\"0%\" style=\"stop-opacity:1;stop-color:var(--linear-gradient-3-f-7-a-3-ee-color-1)\"><\/stop><stop offset=\"100%\" style=\"stop-opacity:1;stop-color:var(--linear-gradient-3-f-7-a-3-ee-color-2)\"><\/stop><\/linearGradient><\/defs><\/svg><svg data-prefix=\"fas\" data-icon=\"chevron-down\" class=\"svg-inline--fa fa-chevron-down fa-w-14\" xmlns=\"http:\/\/www.w3.org\/2000\/svg\" viewBox=\"0 0 448 512\" aria-hidden=\"true\" width=\"32\" height=\"32\"><path fill=\"currentColor\" d=\"M207.029 381.476L12.686 187.132c-9.373-9.373-9.373-24.569 0-33.941l22.667-22.667c9.357-9.357 24.522-9.375 33.901-.04L224 284.505l154.745-154.021c9.379-9.335 24.544-9.317 33.901.04l22.667 22.667c9.373 9.373 9.373 24.569 0 33.941L240.971 381.476c-9.373 9.372-24.569 9.372-33.942 0z\"><\/path><\/svg><\/div><\/span><\/div>\n<\/div><\/div>\n<\/div><\/div><\/summary>\n\n\n\n<div class=\"wp-block-stackable-column stk-block-column stk-column stk-block stk-d4d3e66 stk-block-accordion__content\" data-v=\"4\" data-block-id=\"d4d3e66\"><div class=\"stk-column-wrapper stk-block-column__content stk-container stk-d4d3e66-container stk--no-background stk--no-padding\"><div class=\"stk-block-content stk-inner-blocks stk-d4d3e66-inner-blocks\"><\/div><\/div><\/div>\n<\/details>\n","protected":false},"excerpt":{"rendered":"<p>Toute l&rsquo;ann\u00e9e, des activit\u00e9s sont propos\u00e9es pour vos enfants et adolescents durant les vacances scolaires. Retrouvez toute la programmation de l&rsquo;ann\u00e9e ci-dessous Vacances scolaires d&rsquo;Hiver 2026 T\u00e9l\u00e9chargez le programme en cliquant ici :<\/p>\n","protected":false},"author":1,"featured_media":0,"parent":0,"menu_order":0,"comment_status":"closed","ping_status":"closed","template":"","meta":{"footnotes":""},"class_list":["post-1762","page","type-page","status-publish","hentry"],"blocksy_meta":[],"_links":{"self":[{"href":"https:\/\/m13solidaire.fr\/index.php?rest_route=\/wp\/v2\/pages\/1762","targetHints":{"allow":["GET"]}}],"collection":[{"href":"https:\/\/m13solidaire.fr\/index.php?rest_route=\/wp\/v2\/pages"}],"about":[{"href":"https:\/\/m13solidaire.fr\/index.php?rest_route=\/wp\/v2\/types\/page"}],"author":[{"embeddable":true,"href":"https:\/\/m13solidaire.fr\/index.php?rest_route=\/wp\/v2\/users\/1"}],"replies":[{"embeddable":true,"href":"https:\/\/m13solidaire.fr\/index.php?rest_route=%2Fwp%2Fv2%2Fcomments&post=1762"}],"version-history":[{"count":14,"href":"https:\/\/m13solidaire.fr\/index.php?rest_route=\/wp\/v2\/pages\/1762\/revisions"}],"predecessor-version":[{"id":2430,"href":"https:\/\/m13solidaire.fr\/index.php?rest_route=\/wp\/v2\/pages\/1762\/revisions\/2430"}],"wp:attachment":[{"href":"https:\/\/m13solidaire.fr\/index.php?rest_route=%2Fwp%2Fv2%2Fmedia&parent=1762"}],"curies":[{"name":"wp","href":"https:\/\/api.w.org\/{rel}","templated":true}]}}