{"id":1376,"date":"2024-06-26T11:33:48","date_gmt":"2024-06-26T09:33:48","guid":{"rendered":"https:\/\/m13solidaire.fr\/?page_id=1376"},"modified":"2025-08-21T11:00:50","modified_gmt":"2025-08-21T09:00:50","slug":"telechargements","status":"publish","type":"page","link":"https:\/\/m13solidaire.fr\/?page_id=1376","title":{"rendered":"T\u00e9l\u00e9chargements"},"content":{"rendered":"\n<div class=\"wp-block-columns is-layout-flex wp-container-core-columns-is-layout-28f84493 wp-block-columns-is-layout-flex\">\n<div class=\"wp-block-column is-layout-flow wp-block-column-is-layout-flow\">\n<div class=\"wp-block-stackable-card stk-block-card stk-block stk-d8629be is-style-default-2\" data-v=\"2\" data-block-id=\"d8629be\"><div class=\"stk--no-padding stk-container stk-d8629be-container stk-hover-parent\"><figure class=\"stk-block-card__image stk-img-wrapper stk-image--shape-stretch\"><img fetchpriority=\"high\" decoding=\"async\" class=\"stk-img wp-image-1391\" src=\"https:\/\/m13solidaire.fr\/wp-content\/uploads\/2024\/06\/three-people-sitting-beside-table-416405-1024x640.jpg\" width=\"1024\" height=\"640\" alt=\"Person Signing in Documentation Paper\"\/><\/figure><div class=\"stk-container-padding stk-block-card__content\"><div class=\"stk-block-content stk-inner-blocks stk-d8629be-inner-blocks\">\n<div class=\"wp-block-stackable-heading stk-block-heading stk-block-heading--v2 stk-block stk-af63d7f\" id=\"statuts\" data-block-id=\"af63d7f\"><h2 class=\"stk-block-heading__text\">Statuts <\/h2><\/div>\n\n\n<style>.wp-block-kadence-advancedbtn.kb-btns1376_572efe-4b{gap:var(--global-kb-gap-xs, 0.5rem );justify-content:center;align-items:center;}.kt-btns1376_572efe-4b .kt-button{font-weight:normal;font-style:normal;}.kt-btns1376_572efe-4b .kt-btn-wrap-0{margin-right:5px;}.wp-block-kadence-advancedbtn.kt-btns1376_572efe-4b .kt-btn-wrap-0 .kt-button{color:#555555;border-color:#555555;}.wp-block-kadence-advancedbtn.kt-btns1376_572efe-4b .kt-btn-wrap-0 .kt-button:hover, .wp-block-kadence-advancedbtn.kt-btns1376_572efe-4b .kt-btn-wrap-0 .kt-button:focus{color:#ffffff;border-color:#444444;}.wp-block-kadence-advancedbtn.kt-btns1376_572efe-4b .kt-btn-wrap-0 .kt-button::before{display:none;}.wp-block-kadence-advancedbtn.kt-btns1376_572efe-4b .kt-btn-wrap-0 .kt-button:hover, .wp-block-kadence-advancedbtn.kt-btns1376_572efe-4b .kt-btn-wrap-0 .kt-button:focus{background:#444444;}<\/style>\n<div class=\"wp-block-kadence-advancedbtn kb-buttons-wrap kb-btns1376_572efe-4b\"><style>ul.menu .wp-block-kadence-advancedbtn .kb-btn1376_88a4b2-77.kb-button{width:initial;}<\/style><a class=\"kb-button kt-button button kb-btn1376_88a4b2-77 kt-btn-size-large kt-btn-width-type-auto kb-btn-global-inherit kt-btn-has-text-true kt-btn-has-svg-false  wp-block-button__link wp-block-kadence-singlebtn\" href=\"https:\/\/m13solidaire.fr\/wp-content\/uploads\/2024\/06\/STATUTS-2019.pdf\" download=\"\"><span class=\"kt-btn-inner-text\">T\u00e9l\u00e9charger<\/span><\/a><\/div>\n<\/div><\/div><\/div><\/div>\n<\/div>\n\n\n\n<div class=\"wp-block-column is-layout-flow wp-block-column-is-layout-flow\">\n<div class=\"wp-block-stackable-card stk-block-card stk-block stk-8153dd3 is-style-default-2\" data-v=\"2\" data-block-id=\"8153dd3\"><div class=\"stk--no-padding stk-container stk-8153dd3-container stk-hover-parent\"><figure class=\"stk-block-card__image stk-img-wrapper stk-image--shape-stretch\"><img decoding=\"async\" class=\"stk-img wp-image-1393\" src=\"https:\/\/m13solidaire.fr\/wp-content\/uploads\/2024\/06\/spiral-notebooks-272980-1024x678.jpg\" width=\"1024\" height=\"678\" alt=\"Notebook and Charts\"\/><\/figure><div class=\"stk-container-padding stk-block-card__content\"><div class=\"stk-block-content stk-inner-blocks stk-8153dd3-inner-blocks\">\n<div class=\"wp-block-stackable-heading stk-block-heading stk-block-heading--v2 stk-block stk-8688e2b\" id=\"reglement-interieur\" data-block-id=\"8688e2b\"><h2 class=\"stk-block-heading__text\">R\u00e8glement int\u00e9rieur<\/h2><\/div>\n\n\n<style>.wp-block-kadence-advancedbtn.kb-btns1376_79a89a-13{gap:var(--global-kb-gap-xs, 0.5rem );justify-content:center;align-items:center;}.kt-btns1376_79a89a-13 .kt-button{font-weight:normal;font-style:normal;}.kt-btns1376_79a89a-13 .kt-btn-wrap-0{margin-right:5px;}.wp-block-kadence-advancedbtn.kt-btns1376_79a89a-13 .kt-btn-wrap-0 .kt-button{color:#555555;border-color:#555555;}.wp-block-kadence-advancedbtn.kt-btns1376_79a89a-13 .kt-btn-wrap-0 .kt-button:hover, .wp-block-kadence-advancedbtn.kt-btns1376_79a89a-13 .kt-btn-wrap-0 .kt-button:focus{color:#ffffff;border-color:#444444;}.wp-block-kadence-advancedbtn.kt-btns1376_79a89a-13 .kt-btn-wrap-0 .kt-button::before{display:none;}.wp-block-kadence-advancedbtn.kt-btns1376_79a89a-13 .kt-btn-wrap-0 .kt-button:hover, .wp-block-kadence-advancedbtn.kt-btns1376_79a89a-13 .kt-btn-wrap-0 .kt-button:focus{background:#444444;}<\/style>\n<div class=\"wp-block-kadence-advancedbtn kb-buttons-wrap kb-btns1376_79a89a-13\"><style>ul.menu .wp-block-kadence-advancedbtn .kb-btn1376_222ea4-63.kb-button{width:initial;}<\/style><a class=\"kb-button kt-button button kb-btn1376_222ea4-63 kt-btn-size-large kt-btn-width-type-auto kb-btn-global-inherit kt-btn-has-text-true kt-btn-has-svg-false  wp-block-button__link wp-block-kadence-singlebtn\" href=\"https:\/\/m13solidaire.fr\/wp-content\/uploads\/2024\/06\/REGLEMENT-INTERIEUR-2019.pdf\" download=\"\"><span class=\"kt-btn-inner-text\">T\u00e9l\u00e9charger<\/span><\/a><\/div>\n<\/div><\/div><\/div><\/div>\n<\/div>\n\n\n\n<div class=\"wp-block-column is-layout-flow wp-block-column-is-layout-flow\">\n<div class=\"wp-block-stackable-card stk-block-card stk-block stk-e7469f9 is-style-default-2\" data-v=\"2\" data-block-id=\"e7469f9\"><div class=\"stk--no-padding stk-container stk-e7469f9-container stk-hover-parent\"><figure class=\"stk-block-card__image stk-img-wrapper stk-image--shape-stretch\"><img decoding=\"async\" class=\"stk-img wp-image-1390\" src=\"https:\/\/m13solidaire.fr\/wp-content\/uploads\/2024\/06\/person-signing-in-documentation-paper-48148-1024x681.jpg\" width=\"1024\" height=\"681\" alt=\"Person Signing in Documentation Paper\"\/><\/figure><div class=\"stk-container-padding stk-block-card__content\"><div class=\"stk-block-content stk-inner-blocks stk-e7469f9-inner-blocks\">\n<div class=\"wp-block-stackable-heading stk-block-heading stk-block-heading--v2 stk-block stk-c31f7b3\" id=\"rapport-moral\" data-block-id=\"c31f7b3\"><h2 class=\"stk-block-heading__text\">Rapport moral<\/h2><\/div>\n\n\n<style>.wp-block-kadence-advancedbtn.kb-btns1376_f4d5db-a0{gap:var(--global-kb-gap-xs, 0.5rem );justify-content:center;align-items:center;}.kt-btns1376_f4d5db-a0 .kt-button{font-weight:normal;font-style:normal;}.kt-btns1376_f4d5db-a0 .kt-btn-wrap-0{margin-right:5px;}.wp-block-kadence-advancedbtn.kt-btns1376_f4d5db-a0 .kt-btn-wrap-0 .kt-button{color:#555555;border-color:#555555;}.wp-block-kadence-advancedbtn.kt-btns1376_f4d5db-a0 .kt-btn-wrap-0 .kt-button:hover, .wp-block-kadence-advancedbtn.kt-btns1376_f4d5db-a0 .kt-btn-wrap-0 .kt-button:focus{color:#ffffff;border-color:#444444;}.wp-block-kadence-advancedbtn.kt-btns1376_f4d5db-a0 .kt-btn-wrap-0 .kt-button::before{display:none;}.wp-block-kadence-advancedbtn.kt-btns1376_f4d5db-a0 .kt-btn-wrap-0 .kt-button:hover, .wp-block-kadence-advancedbtn.kt-btns1376_f4d5db-a0 .kt-btn-wrap-0 .kt-button:focus{background:#444444;}<\/style>\n<div class=\"wp-block-kadence-advancedbtn kb-buttons-wrap kb-btns1376_f4d5db-a0\"><style>ul.menu .wp-block-kadence-advancedbtn .kb-btn1376_383310-a0.kb-button{width:initial;}<\/style><span class=\"kb-button kt-button button kb-btn1376_383310-a0 kt-btn-size-large kt-btn-width-type-auto kb-btn-global-inherit kt-btn-has-text-true kt-btn-has-svg-false  wp-block-button__link wp-block-kadence-singlebtn\"><span class=\"kt-btn-inner-text\">T\u00e9l\u00e9charger<\/span><\/span><\/div>\n<\/div><\/div><\/div><\/div>\n<\/div>\n<\/div>\n\n\n\n<div class=\"wp-block-columns is-layout-flex wp-container-core-columns-is-layout-28f84493 wp-block-columns-is-layout-flex\">\n<div class=\"wp-block-column is-layout-flow wp-block-column-is-layout-flow\">\n<div class=\"wp-block-stackable-card stk-block-card stk-block stk-06ba667 is-style-default-2\" data-v=\"2\" data-block-id=\"06ba667\"><div class=\"stk--no-padding stk-container stk-06ba667-container stk-hover-parent\"><figure class=\"stk-block-card__image stk-img-wrapper stk-image--shape-stretch\"><img loading=\"lazy\" decoding=\"async\" class=\"stk-img wp-image-1389\" src=\"https:\/\/m13solidaire.fr\/wp-content\/uploads\/2024\/06\/notebook-and-charts-669613-1024x678.jpg\" width=\"1024\" height=\"678\" alt=\"Notebook and Charts\"\/><\/figure><div class=\"stk-container-padding stk-block-card__content\"><div class=\"stk-block-content stk-inner-blocks stk-06ba667-inner-blocks\">\n<div class=\"wp-block-stackable-heading stk-block-heading stk-block-heading--v2 stk-block stk-51cce84\" id=\"rapport-dactivite\" data-block-id=\"51cce84\"><h2 class=\"stk-block-heading__text\">Rapport d&rsquo;activit\u00e9<\/h2><\/div>\n\n\n<style>.wp-block-kadence-advancedbtn.kb-btns1376_f264cc-2b{gap:var(--global-kb-gap-xs, 0.5rem );justify-content:center;align-items:center;}.kt-btns1376_f264cc-2b .kt-button{font-weight:normal;font-style:normal;}.kt-btns1376_f264cc-2b .kt-btn-wrap-0{margin-right:5px;}.wp-block-kadence-advancedbtn.kt-btns1376_f264cc-2b .kt-btn-wrap-0 .kt-button{color:#555555;border-color:#555555;}.wp-block-kadence-advancedbtn.kt-btns1376_f264cc-2b .kt-btn-wrap-0 .kt-button:hover, .wp-block-kadence-advancedbtn.kt-btns1376_f264cc-2b .kt-btn-wrap-0 .kt-button:focus{color:#ffffff;border-color:#444444;}.wp-block-kadence-advancedbtn.kt-btns1376_f264cc-2b .kt-btn-wrap-0 .kt-button::before{display:none;}.wp-block-kadence-advancedbtn.kt-btns1376_f264cc-2b .kt-btn-wrap-0 .kt-button:hover, .wp-block-kadence-advancedbtn.kt-btns1376_f264cc-2b .kt-btn-wrap-0 .kt-button:focus{background:#444444;}<\/style>\n<div class=\"wp-block-kadence-advancedbtn kb-buttons-wrap kb-btns1376_f264cc-2b\"><style>ul.menu .wp-block-kadence-advancedbtn .kb-btn1376_0070b5-c2.kb-button{width:initial;}<\/style><a class=\"kb-button kt-button button kb-btn1376_0070b5-c2 kt-btn-size-large kt-btn-width-type-auto kb-btn-global-inherit kt-btn-has-text-true kt-btn-has-svg-false  wp-block-button__link wp-block-kadence-singlebtn\" href=\"https:\/\/m13solidaire.fr\/wp-content\/uploads\/2025\/08\/RAPPORT-DACTIVITE-M13S-2024.pdf\" download=\"\"><span class=\"kt-btn-inner-text\">T\u00e9l\u00e9charger<\/span><\/a><\/div>\n<\/div><\/div><\/div><\/div>\n<\/div>\n\n\n\n<div class=\"wp-block-column is-layout-flow wp-block-column-is-layout-flow\">\n<div class=\"wp-block-stackable-card stk-block-card stk-block stk-73722cd is-style-default-2\" data-v=\"2\" data-block-id=\"73722cd\"><div class=\"stk--no-padding stk-container stk-73722cd-container stk-hover-parent\"><figure class=\"stk-block-card__image stk-img-wrapper stk-image--shape-stretch\"><img loading=\"lazy\" decoding=\"async\" class=\"stk-img wp-image-1392\" src=\"https:\/\/m13solidaire.fr\/wp-content\/uploads\/2024\/06\/close-up-photo-of-ledgers-list-164686-1024x681.jpg\" width=\"1024\" height=\"681\" alt=\"Close-up Photo of Ledger's List\"\/><\/figure><div class=\"stk-container-padding stk-block-card__content\"><div class=\"stk-block-content stk-inner-blocks stk-73722cd-inner-blocks\">\n<div class=\"wp-block-stackable-heading stk-block-heading stk-block-heading--v2 stk-block stk-280a666\" id=\"compte-de-resultat-detaille\" data-block-id=\"280a666\"><h2 class=\"stk-block-heading__text\">Compte de r\u00e9sultat d\u00e9taill\u00e9<\/h2><\/div>\n\n\n<style>.wp-block-kadence-advancedbtn.kb-btns1376_ac3deb-24{gap:var(--global-kb-gap-xs, 0.5rem );justify-content:center;align-items:center;}.kt-btns1376_ac3deb-24 .kt-button{font-weight:normal;font-style:normal;}.kt-btns1376_ac3deb-24 .kt-btn-wrap-0{margin-right:5px;}.wp-block-kadence-advancedbtn.kt-btns1376_ac3deb-24 .kt-btn-wrap-0 .kt-button{color:#555555;border-color:#555555;}.wp-block-kadence-advancedbtn.kt-btns1376_ac3deb-24 .kt-btn-wrap-0 .kt-button:hover, .wp-block-kadence-advancedbtn.kt-btns1376_ac3deb-24 .kt-btn-wrap-0 .kt-button:focus{color:#ffffff;border-color:#444444;}.wp-block-kadence-advancedbtn.kt-btns1376_ac3deb-24 .kt-btn-wrap-0 .kt-button::before{display:none;}.wp-block-kadence-advancedbtn.kt-btns1376_ac3deb-24 .kt-btn-wrap-0 .kt-button:hover, .wp-block-kadence-advancedbtn.kt-btns1376_ac3deb-24 .kt-btn-wrap-0 .kt-button:focus{background:#444444;}<\/style>\n<div class=\"wp-block-kadence-advancedbtn kb-buttons-wrap kb-btns1376_ac3deb-24\"><style>ul.menu .wp-block-kadence-advancedbtn .kb-btn1376_2d3f4e-45.kb-button{width:initial;}<\/style><a class=\"kb-button kt-button button kb-btn1376_2d3f4e-45 kt-btn-size-large kt-btn-width-type-auto kb-btn-global-inherit kt-btn-has-text-true kt-btn-has-svg-false  wp-block-button__link wp-block-kadence-singlebtn\" href=\"https:\/\/m13solidaire.fr\/wp-content\/uploads\/2025\/07\/Compte-de-resultat-2024-M13-1.pdf\" download=\"\"><span class=\"kt-btn-inner-text\">T\u00e9l\u00e9charger<\/span><\/a><\/div>\n<\/div><\/div><\/div><\/div>\n<\/div>\n\n\n\n<div class=\"wp-block-column is-layout-flow wp-block-column-is-layout-flow\"><\/div>\n<\/div>\n","protected":false},"excerpt":{"rendered":"<p>Statuts R\u00e8glement int\u00e9rieur Rapport moral Rapport d&rsquo;activit\u00e9 Compte de r\u00e9sultat d\u00e9taill\u00e9<\/p>\n","protected":false},"author":1,"featured_media":0,"parent":0,"menu_order":0,"comment_status":"closed","ping_status":"closed","template":"","meta":{"footnotes":""},"class_list":["post-1376","page","type-page","status-publish","hentry"],"blocksy_meta":[],"_links":{"self":[{"href":"https:\/\/m13solidaire.fr\/index.php?rest_route=\/wp\/v2\/pages\/1376","targetHints":{"allow":["GET"]}}],"collection":[{"href":"https:\/\/m13solidaire.fr\/index.php?rest_route=\/wp\/v2\/pages"}],"about":[{"href":"https:\/\/m13solidaire.fr\/index.php?rest_route=\/wp\/v2\/types\/page"}],"author":[{"embeddable":true,"href":"https:\/\/m13solidaire.fr\/index.php?rest_route=\/wp\/v2\/users\/1"}],"replies":[{"embeddable":true,"href":"https:\/\/m13solidaire.fr\/index.php?rest_route=%2Fwp%2Fv2%2Fcomments&post=1376"}],"version-history":[{"count":15,"href":"https:\/\/m13solidaire.fr\/index.php?rest_route=\/wp\/v2\/pages\/1376\/revisions"}],"predecessor-version":[{"id":2275,"href":"https:\/\/m13solidaire.fr\/index.php?rest_route=\/wp\/v2\/pages\/1376\/revisions\/2275"}],"wp:attachment":[{"href":"https:\/\/m13solidaire.fr\/index.php?rest_route=%2Fwp%2Fv2%2Fmedia&parent=1376"}],"curies":[{"name":"wp","href":"https:\/\/api.w.org\/{rel}","templated":true}]}}